{"id":68935,"date":"2026-03-04T06:47:41","date_gmt":"2026-03-04T14:47:41","guid":{"rendered":"https:\/\/fomatmedical.com\/?page_id=68935"},"modified":"2026-03-27T22:29:40","modified_gmt":"2026-03-28T05:29:40","slug":"welcome-aboard","status":"publish","type":"page","link":"https:\/\/fomatmedical.com\/es\/welcome-aboard\/","title":{"rendered":"Bienvenido a bordo"},"content":{"rendered":"<div data-elementor-type=\"wp-page\" data-elementor-id=\"68935\" class=\"elementor elementor-68935\" wpc-filter-elementor-widget=\"1\" data-elementor-post-type=\"page\">\n\t\t\t\t<div class=\"elementor-element elementor-element-cfbbd8e e-con-full e-flex e-con e-parent\" data-id=\"cfbbd8e\" data-element_type=\"container\" data-e-type=\"container\" data-settings=\"{&quot;background_background&quot;:&quot;classic&quot;}\">\n\t\t<div class=\"elementor-element elementor-element-1e9a4ef e-con-full e-flex e-con e-child\" data-id=\"1e9a4ef\" data-element_type=\"container\" data-e-type=\"container\">\n\t\t<div class=\"elementor-element elementor-element-6cb5337 e-flex e-con-boxed e-con e-child\" data-id=\"6cb5337\" data-element_type=\"container\" data-e-type=\"container\" data-settings=\"{&quot;background_background&quot;:&quot;classic&quot;}\">\n\t\t\t\t\t<div class=\"e-con-inner\">\n\t\t<div class=\"elementor-element elementor-element-94ff45c e-con-full e-flex e-con e-child\" data-id=\"94ff45c\" data-element_type=\"container\" data-e-type=\"container\">\n\t\t\t\t<div class=\"elementor-element elementor-element-7126c31 elementor-widget elementor-widget-aigency_heading\" data-id=\"7126c31\" data-element_type=\"widget\" data-e-type=\"widget\" data-settings=\"{&quot;_animation&quot;:&quot;none&quot;,&quot;_animation_delay&quot;:300}\" data-widget_type=\"aigency_heading.default\">\n\t\t\t\t<div class=\"elementor-widget-container\">\n\t\t\t\t\t<div class=\"aigency-heading-widget\"><h1 class=\"aigency-heading\"><span class=\"aigency-heading-content has_gradient_color_text\">Bienvenido a FOMAT<\/span><\/h1><\/div>\t\t\t\t<\/div>\n\t\t\t\t<\/div>\n\t\t\t\t<div class=\"elementor-element elementor-element-4cddef5 elementor-widget elementor-widget-text-editor\" data-id=\"4cddef5\" data-element_type=\"widget\" data-e-type=\"widget\" data-widget_type=\"text-editor.default\">\n\t\t\t\t<div class=\"elementor-widget-container\">\n\t\t\t\t\t\t\t\t\t<p>Gracias por unirse a nosotros. Utilice esta p\u00e1gina para compartir la informaci\u00f3n que necesitamos para ayudarle en su incorporaci\u00f3n.\u00a0<\/p>\t\t\t\t\t\t\t\t<\/div>\n\t\t\t\t<\/div>\n\t\t\t\t<\/div>\n\t\t\t\t\t<\/div>\n\t\t\t\t<\/div>\n\t\t\t\t<\/div>\n\t\t\t\t<\/div>\n\t\t<div class=\"elementor-element elementor-element-f5a58b3 e-flex e-con-boxed e-con e-parent\" data-id=\"f5a58b3\" data-element_type=\"container\" data-e-type=\"container\">\n\t\t\t\t\t<div class=\"e-con-inner\">\n\t\t<div class=\"elementor-element elementor-element-0324c21 e-con-full e-flex e-con e-child\" data-id=\"0324c21\" data-element_type=\"container\" data-e-type=\"container\">\n\t\t<div class=\"elementor-element elementor-element-91f910c e-con-full e-flex e-con e-child\" data-id=\"91f910c\" data-element_type=\"container\" data-e-type=\"container\">\n\t\t\t\t<div class=\"elementor-element elementor-element-8fa3bb7 elementor-widget elementor-widget-aigency_heading\" data-id=\"8fa3bb7\" data-element_type=\"widget\" data-e-type=\"widget\" data-widget_type=\"aigency_heading.default\">\n\t\t\t\t<div class=\"elementor-widget-container\">\n\t\t\t\t\t<div class=\"aigency-heading-widget\"><h2 class=\"aigency-heading\"><span class=\"aigency-heading-content has_gradient_color_text\">Rellene este formulario<\/span><\/h2><\/div>\t\t\t\t<\/div>\n\t\t\t\t<\/div>\n\t\t\t\t<div class=\"elementor-element elementor-element-3fe00f5 elementor-widget elementor-widget-aigency_heading\" data-id=\"3fe00f5\" data-element_type=\"widget\" data-e-type=\"widget\" data-widget_type=\"aigency_heading.default\">\n\t\t\t\t<div class=\"elementor-widget-container\">\n\t\t\t\t\t<div class=\"aigency-heading-widget\"><p class=\"aigency-heading\"><span class=\"aigency-heading-content has_gradient_color_text\">La informaci\u00f3n que nos env\u00edes se utilizar\u00e1 para crear tus materiales de incorporaci\u00f3n.<\/span><\/p><\/div>\t\t\t\t<\/div>\n\t\t\t\t<\/div>\n\t\t<div class=\"elementor-element elementor-element-de15dae e-con-full e-flex e-con e-child\" data-id=\"de15dae\" data-element_type=\"container\" data-e-type=\"container\">\n\t\t<div class=\"elementor-element elementor-element-4ff6055 e-con-full e-flex e-con e-child\" data-id=\"4ff6055\" data-element_type=\"container\" data-e-type=\"container\">\n\t\t\t\t<div class=\"elementor-element elementor-element-8040f22 elementor-widget elementor-widget-aigency_heading\" data-id=\"8040f22\" data-element_type=\"widget\" data-e-type=\"widget\" data-widget_type=\"aigency_heading.default\">\n\t\t\t\t<div class=\"elementor-widget-container\">\n\t\t\t\t\t<div class=\"aigency-heading-widget\"><h6 class=\"aigency-heading\"><span class=\"aigency-heading-content has_gradient_color_text\">Sede central:\n<\/span><\/h6><\/div>\t\t\t\t<\/div>\n\t\t\t\t<\/div>\n\t\t\t\t<div class=\"elementor-element elementor-element-879eaa9 elementor-widget elementor-widget-text-editor\" data-id=\"879eaa9\" data-element_type=\"widget\" data-e-type=\"widget\" data-widget_type=\"text-editor.default\">\n\t\t\t\t<div class=\"elementor-widget-container\">\n\t\t\t\t\t\t\t\t\t<p>300 South A Street, Suite 201 Oxnard, CA 93030<br \/><a href=\"tel:8054831185\">(805) 483-1185<\/a><\/p>\t\t\t\t\t\t\t\t<\/div>\n\t\t\t\t<\/div>\n\t\t\t\t<\/div>\n\t\t<div class=\"elementor-element elementor-element-1f33ce3 e-con-full e-flex e-con e-child\" data-id=\"1f33ce3\" data-element_type=\"container\" data-e-type=\"container\">\n\t\t\t\t<\/div>\n\t\t\t\t<\/div>\n\t\t<div class=\"elementor-element elementor-element-20de719 e-con-full e-flex e-con e-child\" data-id=\"20de719\" data-element_type=\"container\" data-e-type=\"container\">\n\t\t<div class=\"elementor-element elementor-element-40371d9 e-con-full e-flex e-con e-child\" data-id=\"40371d9\" data-element_type=\"container\" data-e-type=\"container\">\n\t\t\t\t<div class=\"elementor-element elementor-element-eed1ef9 elementor-widget elementor-widget-aigency_heading\" data-id=\"eed1ef9\" data-element_type=\"widget\" data-e-type=\"widget\" data-widget_type=\"aigency_heading.default\">\n\t\t\t\t<div class=\"elementor-widget-container\">\n\t\t\t\t\t<div class=\"aigency-heading-widget\"><h6 class=\"aigency-heading\"><span class=\"aigency-heading-content has_gradient_color_text\">Redes sociales<\/span><\/h6><\/div>\t\t\t\t<\/div>\n\t\t\t\t<\/div>\n\t\t\t\t<div class=\"elementor-element elementor-element-9542967 elementor-shape-rounded elementor-grid-0 elementor-widget elementor-widget-social-icons\" data-id=\"9542967\" data-element_type=\"widget\" data-e-type=\"widget\" data-widget_type=\"social-icons.default\">\n\t\t\t\t<div class=\"elementor-widget-container\">\n\t\t\t\t\t\t\t<div class=\"elementor-social-icons-wrapper elementor-grid\" role=\"list\">\n\t\t\t\t\t\t\t<span class=\"elementor-grid-item\" role=\"listitem\">\n\t\t\t\t\t<a class=\"elementor-icon elementor-social-icon elementor-social-icon-linkedin-in elementor-repeater-item-1ffa0d5\" href=\"https:\/\/www.linkedin.com\/company\/fomat-medical-research\" target=\"_blank\" rel=\"noopener\">\n\t\t\t\t\t\t<span class=\"elementor-screen-only\">Linkedin-in<\/span>\n\t\t\t\t\t\t<i aria-hidden=\"true\" class=\"fab fa-linkedin-in\"><\/i>\t\t\t\t\t<\/a>\n\t\t\t\t<\/span>\n\t\t\t\t\t\t\t<span class=\"elementor-grid-item\" role=\"listitem\">\n\t\t\t\t\t<a class=\"elementor-icon elementor-social-icon elementor-social-icon-facebook-f elementor-repeater-item-8c9446b\" href=\"https:\/\/www.facebook.com\/FomatMedical%20\" target=\"_blank\" rel=\"noopener\">\n\t\t\t\t\t\t<span class=\"elementor-screen-only\">Facebook-f<\/span>\n\t\t\t\t\t\t<i aria-hidden=\"true\" class=\"fab fa-facebook-f\"><\/i>\t\t\t\t\t<\/a>\n\t\t\t\t<\/span>\n\t\t\t\t\t\t\t<span class=\"elementor-grid-item\" role=\"listitem\">\n\t\t\t\t\t<a class=\"elementor-icon elementor-social-icon elementor-social-icon-instagram elementor-repeater-item-ca06037\" href=\"https:\/\/www.instagram.com\/fomatmedical\/%20\" target=\"_blank\" rel=\"noopener\">\n\t\t\t\t\t\t<span class=\"elementor-screen-only\">Instagram<\/span>\n\t\t\t\t\t\t<i aria-hidden=\"true\" class=\"fab fa-instagram\"><\/i>\t\t\t\t\t<\/a>\n\t\t\t\t<\/span>\n\t\t\t\t\t<\/div>\n\t\t\t\t\t\t<\/div>\n\t\t\t\t<\/div>\n\t\t\t\t<\/div>\n\t\t<div class=\"elementor-element elementor-element-c32b2b7 e-con-full e-flex e-con e-child\" data-id=\"c32b2b7\" data-element_type=\"container\" data-e-type=\"container\">\n\t\t\t\t<\/div>\n\t\t\t\t<\/div>\n\t\t\t\t<\/div>\n\t\t<div class=\"elementor-element elementor-element-022ff6f e-con-full e-flex e-con e-child\" data-id=\"022ff6f\" data-element_type=\"container\" data-e-type=\"container\" data-settings=\"{&quot;background_background&quot;:&quot;classic&quot;}\">\n\t\t\t\t<div class=\"elementor-element elementor-element-c1a298a elementor-widget elementor-widget-shortcode\" data-id=\"c1a298a\" data-element_type=\"widget\" data-e-type=\"widget\" data-widget_type=\"shortcode.default\">\n\t\t\t\t<div class=\"elementor-widget-container\">\n\t\t\t\t\t\t\t<div class=\"elementor-shortcode\">\n<div class=\"wpcf7 no-js\" id=\"wpcf7-f68967-o1\" lang=\"es-ES\" dir=\"ltr\" data-wpcf7-id=\"68967\">\n<div class=\"screen-reader-response\"><p role=\"status\" aria-live=\"polite\" aria-atomic=\"true\"><\/p> <ul><\/ul><\/div>\n<form action=\"\/es\/wp-json\/wp\/v2\/pages\/68935#wpcf7-f68967-o1\" method=\"post\" class=\"wpcf7-form init\" aria-label=\"Formulario de contacto\" enctype=\"multipart\/form-data\" novalidate=\"novalidate\" data-status=\"init\" data-trp-original-action=\"\/es\/wp-json\/wp\/v2\/pages\/68935#wpcf7-f68967-o1\">\n<fieldset class=\"hidden-fields-container\"><input type=\"hidden\" name=\"_wpcf7\" value=\"68967\" \/><input type=\"hidden\" name=\"_wpcf7_version\" value=\"6.1.5\" \/><input type=\"hidden\" name=\"_wpcf7_locale\" value=\"es_ES\" \/><input type=\"hidden\" name=\"_wpcf7_unit_tag\" value=\"wpcf7-f68967-o1\" \/><input type=\"hidden\" name=\"_wpcf7_container_post\" value=\"0\" \/><input type=\"hidden\" name=\"_wpcf7_posted_data_hash\" value=\"\" \/><input type=\"hidden\" name=\"_wpcf7cf_hidden_group_fields\" value=\"[]\" \/><input type=\"hidden\" name=\"_wpcf7cf_hidden_groups\" value=\"[]\" \/><input type=\"hidden\" name=\"_wpcf7cf_visible_groups\" value=\"[]\" \/><input type=\"hidden\" name=\"_wpcf7cf_repeaters\" value=\"[]\" \/><input type=\"hidden\" name=\"_wpcf7cf_steps\" value=\"{}\" \/><input type=\"hidden\" name=\"_wpcf7cf_options\" value=\"{&quot;form_id&quot;:68967,&quot;conditions&quot;:[],&quot;settings&quot;:{&quot;animation&quot;:&quot;yes&quot;,&quot;animation_intime&quot;:200,&quot;animation_outtime&quot;:200,&quot;conditions_ui&quot;:&quot;normal&quot;,&quot;notice_dismissed&quot;:false}}\" \/>\n<\/fieldset>\n<div class=\"custom-contact-form\">\n\t<p><label class=\"cf7-label\"><br \/>\n<span class=\"wpcf7-form-control-wrap\" data-name=\"full-name\"><input size=\"40\" maxlength=\"400\" class=\"wpcf7-form-control wpcf7-text wpcf7-validates-as-required cf7-field\" aria-required=\"true\" aria-invalid=\"false\" placeholder=\"Nombre completo\" value=\"\" type=\"text\" name=\"full-name\" \/><\/span><br \/>\n<\/label>\n\t<\/p>\n\t<p><label class=\"cf7-label\"><br \/>\n<span class=\"wpcf7-form-control-wrap\" data-name=\"email\"><input size=\"40\" maxlength=\"400\" class=\"wpcf7-form-control wpcf7-email wpcf7-validates-as-required wpcf7-text wpcf7-validates-as-email cf7-field\" aria-required=\"true\" aria-invalid=\"false\" placeholder=\"Correo electr\u00f3nico personal\" value=\"\" type=\"email\" name=\"email\" \/><\/span><br \/>\n<\/label>\n\t<\/p>\n\t<p><label class=\"cf7-label\"><br \/>\n<span class=\"wpcf7-form-control-wrap\" data-name=\"position\"><input size=\"40\" maxlength=\"400\" class=\"wpcf7-form-control wpcf7-text wpcf7-validates-as-required cf7-field\" aria-required=\"true\" aria-invalid=\"false\" placeholder=\"Posici\u00f3n\" value=\"\" type=\"text\" name=\"position\" \/><\/span><br \/>\n<\/label>\n\t<\/p>\n\t<p><span class=\"wpcf7-form-control-wrap\" data-name=\"select-301\"><select class=\"wpcf7-form-control wpcf7-select\" aria-invalid=\"false\" name=\"select-301\"><option value=\"\">Credenciales profesionales (si corresponde)<\/option><option value=\"M.D.\">Doctor en Medicina.<\/option><option value=\"D.O.\">D.O.<\/option><option value=\"R.N.\">Enfermera titulada.<\/option><option value=\"PharmD\">Doctor en Farmacia<\/option><option value=\"RPh\">Farmac\u00e9utico registrado<\/option><option value=\"Ph.D.\">Doctorado.<\/option><option value=\"CCRP\">CCRP<\/option><option value=\"CCRC\">CCRC<\/option><option value=\"CPI\">IPC<\/option><option value=\"PA-C\">PA-C<\/option><option value=\"N.P.\">N.P.<\/option><option value=\"RAC\">RAC<\/option><option value=\"Other\">Otros<\/option><\/select><\/span>\n\t<\/p>\n\t<p><label class=\"cf7-label\"><br \/>\n<\/label>\n\t<\/p>\n\t<p>Subir foto de rostro\n\t<\/p>\n\t<p \/>\n\t<\/p>\n\t<p style=\"margin: 0px !important\">\u2022 Formato: JPEG o PNG\n\t<\/p>\n\t<p style=\"margin: 0px !important\">\u2022 Resoluci\u00f3n m\u00ednima: 300 x 300 p\u00edxeles\n\t<\/p>\n\t<p style=\"margin: 0px !important\">\u2022 Tama\u00f1o m\u00e1ximo del archivo: 5 MB\n\t<\/p>\n\t<p style=\"margin: 0px !important\">\u2022 Relaci\u00f3n de aspecto: 1:1 (cuadrado).\n\t<\/p>\n\t<p>\u2022 Calidad: alta resoluci\u00f3n, enfoque n\u00edtido, sin sombras marcadas ni reflejos brillantes. El fondo debe ser neutro y no distraer la atenci\u00f3n.\n\t<\/p>\n\t<p><span class=\"wpcf7-form-control-wrap\" data-name=\"file-360\"><input size=\"40\" class=\"wpcf7-form-control wpcf7-file wpcf7-validates-as-required resume\" accept=\".pdf,.doc,.docx,.jpg,.jpeg,.png\" aria-required=\"true\" aria-invalid=\"false\" type=\"file\" name=\"file-360\" \/><\/span>\n\t<\/p>\n\t<p class=\"form-desc\"><br \/>\nAl enviar este formulario, usted reconoce y acepta que FOMAT Medical Research puede recopilar, utilizar y procesar su informaci\u00f3n personal y\/o m\u00e9dica de acuerdo con su<br \/>\n<a href=\"\/es\/privacy-policy\/\" target=\"_blank\" rel=\"noopener noreferrer\">Pol\u00edtica de privacidad<\/a>.<br \/>\nAsimismo, usted acepta recibir comunicaciones de FOMAT Medical Research y entiende que podemos ponernos en contacto con usted para proporcionarle informaci\u00f3n relevante y oportunidades.\n\t<\/p>\n\t<p><button type=\"submit\" class=\"cf7-submit-btn\"><br \/>\nENVIAR <span class=\"arrow\">\u2794<\/span><br \/>\n<\/button>\n\t<\/p>\n<\/div><p style=\"display: none !important;\" class=\"akismet-fields-container\" data-prefix=\"_wpcf7_ak_\"><label>\u0394<textarea name=\"_wpcf7_ak_hp_textarea\" cols=\"45\" rows=\"8\" maxlength=\"100\"><\/textarea><\/label><input type=\"hidden\" id=\"ak_js_1\" name=\"_wpcf7_ak_js\" value=\"224\"\/><script>document.getElementById( \"ak_js_1\" ).setAttribute( \"value\", ( new Date() ).getTime() );<\/script><\/p><div class=\"wpcf7-response-output\" aria-hidden=\"true\"><\/div>\n<input type=\"hidden\" name=\"trp-form-language\" value=\"es\"\/><\/form>\n<\/div>\n<\/div>\n\t\t\t\t\t\t<\/div>\n\t\t\t\t<\/div>\n\t\t\t\t<\/div>\n\t\t\t\t<\/div>\n\t\t\t\t\t<\/div>\n\t\t\t\t<\/div>\n\t\t\t\t<\/div>","protected":false},"excerpt":{"rendered":"<p>Thank you for joining us. Please use this page to share the details we need to support your onboarding. 300 South A Street, Suite 201 Oxnard, CA 93030 (805) 483-1185 Linkedin-in Facebook-f Instagram<\/p>","protected":false},"author":6,"featured_media":69283,"parent":0,"menu_order":0,"comment_status":"closed","ping_status":"closed","template":"","meta":{"_acf_changed":false,"footnotes":""},"class_list":["post-68935","page","type-page","status-publish","has-post-thumbnail","hentry"],"acf":[],"_links":{"self":[{"href":"https:\/\/fomatmedical.com\/es\/wp-json\/wp\/v2\/pages\/68935","targetHints":{"allow":["GET"]}}],"collection":[{"href":"https:\/\/fomatmedical.com\/es\/wp-json\/wp\/v2\/pages"}],"about":[{"href":"https:\/\/fomatmedical.com\/es\/wp-json\/wp\/v2\/types\/page"}],"author":[{"embeddable":true,"href":"https:\/\/fomatmedical.com\/es\/wp-json\/wp\/v2\/users\/6"}],"replies":[{"embeddable":true,"href":"https:\/\/fomatmedical.com\/es\/wp-json\/wp\/v2\/comments?post=68935"}],"version-history":[{"count":41,"href":"https:\/\/fomatmedical.com\/es\/wp-json\/wp\/v2\/pages\/68935\/revisions"}],"predecessor-version":[{"id":73084,"href":"https:\/\/fomatmedical.com\/es\/wp-json\/wp\/v2\/pages\/68935\/revisions\/73084"}],"wp:featuredmedia":[{"embeddable":true,"href":"https:\/\/fomatmedical.com\/es\/wp-json\/wp\/v2\/media\/69283"}],"wp:attachment":[{"href":"https:\/\/fomatmedical.com\/es\/wp-json\/wp\/v2\/media?parent=68935"}],"curies":[{"name":"wp","href":"https:\/\/api.w.org\/{rel}","templated":true}]}}