{"id":53435,"date":"2026-01-21T04:41:54","date_gmt":"2026-01-21T03:41:54","guid":{"rendered":"https:\/\/fomatmedical.com\/?page_id=53435"},"modified":"2026-03-27T21:06:35","modified_gmt":"2026-03-28T04:06:35","slug":"quality-and-compliance","status":"publish","type":"page","link":"https:\/\/fomatmedical.com\/es\/quality-and-compliance\/","title":{"rendered":"Calidad y cumplimiento normativo"},"content":{"rendered":"<div data-elementor-type=\"wp-page\" data-elementor-id=\"53435\" class=\"elementor elementor-53435\" wpc-filter-elementor-widget=\"1\" data-elementor-post-type=\"page\">\n\t\t\t\t<div class=\"elementor-element elementor-element-b76b624 e-con-full e-flex e-con e-parent\" data-id=\"b76b624\" data-element_type=\"container\" data-e-type=\"container\" data-settings=\"{&quot;background_background&quot;:&quot;classic&quot;}\">\n\t\t<div class=\"elementor-element elementor-element-74bb99b e-con-full e-flex e-con e-child\" data-id=\"74bb99b\" data-element_type=\"container\" data-e-type=\"container\">\n\t\t<div class=\"elementor-element elementor-element-9e7a0eb e-flex e-con-boxed e-con e-child\" data-id=\"9e7a0eb\" data-element_type=\"container\" data-e-type=\"container\">\n\t\t\t\t\t<div class=\"e-con-inner\">\n\t\t<div class=\"elementor-element elementor-element-00ba51d e-con-full e-flex e-con e-child\" data-id=\"00ba51d\" data-element_type=\"container\" data-e-type=\"container\">\n\t\t\t\t<div class=\"elementor-element elementor-element-e5a77ef elementor-widget elementor-widget-aigency_heading\" data-id=\"e5a77ef\" data-element_type=\"widget\" data-e-type=\"widget\" data-settings=\"{&quot;_animation&quot;:&quot;none&quot;,&quot;_animation_delay&quot;:300}\" data-widget_type=\"aigency_heading.default\">\n\t\t\t\t<div class=\"elementor-widget-container\">\n\t\t\t\t\t<div class=\"aigency-heading-widget\"><h1 class=\"aigency-heading\"><span class=\"aigency-heading-content has_gradient_color_text\">Calidad y cumplimiento normativo<\/span><\/h1><\/div>\t\t\t\t<\/div>\n\t\t\t\t<\/div>\n\t\t\t\t<div class=\"elementor-element elementor-element-ce5e4a5 elementor-widget elementor-widget-text-editor\" data-id=\"ce5e4a5\" data-element_type=\"widget\" data-e-type=\"widget\" data-widget_type=\"text-editor.default\">\n\t\t\t\t<div class=\"elementor-widget-container\">\n\t\t\t\t\t\t\t\t\tLa calidad es uno de los pilares fundamentales en la forma en que FOMAT lleva a cabo la investigaci\u00f3n cl\u00ednica. Equipos especializados, procesos claros y herramientas digitales respaldan cada estudio para que los datos y la documentaci\u00f3n sean confiables de principio a fin. \t\t\t\t\t\t\t\t<\/div>\n\t\t\t\t<\/div>\n\t\t\t\t<\/div>\n\t\t\t\t\t<\/div>\n\t\t\t\t<\/div>\n\t\t\t\t<\/div>\n\t\t\t\t<\/div>\n\t\t<div class=\"elementor-element elementor-element-d2f61c7 e-flex e-con-boxed e-con e-child\" data-id=\"d2f61c7\" data-element_type=\"container\" data-e-type=\"container\">\n\t\t\t\t\t<div class=\"e-con-inner\">\n\t\t<div class=\"elementor-element elementor-element-885a5e5 e-con-full e-flex e-con e-child\" data-id=\"885a5e5\" data-element_type=\"container\" data-e-type=\"container\">\n\t\t\t\t<div class=\"elementor-element elementor-element-90b9884 elementor-invisible elementor-widget elementor-widget-aigency_heading\" data-id=\"90b9884\" data-element_type=\"widget\" data-e-type=\"widget\" data-settings=\"{&quot;_animation&quot;:&quot;aigency_heading_animation&quot;,&quot;_animation_delay&quot;:300}\" data-widget_type=\"aigency_heading.default\">\n\t\t\t\t<div class=\"elementor-widget-container\">\n\t\t\t\t\t<div class=\"aigency-heading-widget\"><h2 class=\"aigency-heading\"><span class=\"aigency-heading-content has_gradient_color_text\"><span><span>Supervisi\u00f3n en cada visita, desde la primera hasta la \u00faltima.<\/span><\/span><\/span><\/h2><\/div>\t\t\t\t<\/div>\n\t\t\t\t<\/div>\n\t\t\t\t<div class=\"elementor-element elementor-element-f282486 elementor-hidden-mobile_extra elementor-hidden-mobile aigency-button-border-style-gradient aigency-button-bakground-style-solid elementor-widget elementor-widget-aigency_button\" data-id=\"f282486\" data-element_type=\"widget\" data-e-type=\"widget\" data-widget_type=\"aigency_button.default\">\n\t\t\t\t<div class=\"elementor-widget-container\">\n\t\t\t\t\t\n        <div class=\"button-widget\">\n            <div class=\"button-container\">\n                                <a class=\"aigency-button\" href=\"\/es\/contact-fomat\/\" target=\"_blank\">Cont\u00e1ctenos                    <span class=\"icon-button-icon\"><\/span><span class=\"button-inner\"><\/span>\n                <\/a>\n                            <\/div>\n        <\/div>\n        \t\t\t\t<\/div>\n\t\t\t\t<\/div>\n\t\t\t\t<\/div>\n\t\t<div class=\"elementor-element elementor-element-e54cef0 e-con-full e-flex e-con e-child\" data-id=\"e54cef0\" data-element_type=\"container\" data-e-type=\"container\">\n\t\t\t\t<div class=\"elementor-element elementor-element-f712141 icon-position-left alignment-left icon-position-mobile-top v-alignment-top elementor-widget elementor-widget-aigency_icon_box\" data-id=\"f712141\" data-element_type=\"widget\" data-e-type=\"widget\" data-widget_type=\"aigency_icon_box.default\">\n\t\t\t\t<div class=\"elementor-widget-container\">\n\t\t\t\t\t\n        <div class=\"aigency-icon-box-widget\">\n                        <div class=\"icon-box-item\">\n\n                <div class=\"icon-container background-type-none\">\n                    <span class=\"icon\"><svg version=\"1.1\" id=\"Icons\" xmlns=\"http:\/\/www.w3.org\/2000\/svg\" xmlns:xlink=\"http:\/\/www.w3.org\/1999\/xlink\" viewbox=\"0 0 32 32\" xml:space=\"preserve\" fill=\"#000000\"><g id=\"SVGRepo_bgCarrier\" stroke-width=\"0\"><\/g><g id=\"SVGRepo_tracerCarrier\" stroke-linecap=\"round\" stroke-linejoin=\"round\"><\/g><g id=\"SVGRepo_iconCarrier\"> <style type=\"text\/css\"> .st0{fill:none;stroke:#ff6600;stroke-width:2;stroke-linecap:round;stroke-linejoin:round;stroke-miterlimit:10;} <\/style> <path class=\"st0\" d=\"M28.5,26.3L17.5,9L15,5h-2.5H5C3.9,5,3,5.9,3,7v18c0,1.1,0.9,2,2,2h22c1.1,0,2-0.9,2-2V11c0-1.1-0.9-2-2-2 l-9.5,0\"><\/path> <line class=\"st0\" x1=\"7\" y1=\"14\" x2=\"14\" y2=\"14\"><\/line> <line class=\"st0\" x1=\"7\" y1=\"18\" x2=\"11\" y2=\"18\"><\/line> <\/g><\/svg><\/span>                <\/div>\n\n                <div class=\"content-container\">\n                    <h5 class=\"icon-box-title\">Antes de la inscripci\u00f3n <\/h5>\n\n                    <div class=\"icon-box-info\"><ul><li>Revisi\u00f3n del consentimiento informado y otros documentos utilizados en las primeras visitas.<\/li><li>Configuraci\u00f3n interna de eSource y puesta en marcha antes de que se inscriban los participantes.<\/li><\/ul><\/div>\n                <\/div>\n            <\/div>\n        <\/div>\n        \t\t\t\t<\/div>\n\t\t\t\t<\/div>\n\t\t\t\t<div class=\"elementor-element elementor-element-a29ce33 icon-position-left alignment-left icon-position-mobile-top v-alignment-top elementor-widget elementor-widget-aigency_icon_box\" data-id=\"a29ce33\" data-element_type=\"widget\" data-e-type=\"widget\" data-widget_type=\"aigency_icon_box.default\">\n\t\t\t\t<div class=\"elementor-widget-container\">\n\t\t\t\t\t\n        <div class=\"aigency-icon-box-widget\">\n                        <div class=\"icon-box-item\">\n\n                <div class=\"icon-container background-type-none\">\n                    <span class=\"icon\"><svg fill=\"#ff6600\" viewbox=\"0 0 32 32\" style=\"fill-rule:evenodd;clip-rule:evenodd;stroke-linejoin:round;stroke-miterlimit:2;\" version=\"1.1\" xml:space=\"preserve\" xmlns=\"http:\/\/www.w3.org\/2000\/svg\" xmlns:serif=\"http:\/\/www.serif.com\/\" xmlns:xlink=\"http:\/\/www.w3.org\/1999\/xlink\"><g id=\"SVGRepo_bgCarrier\" stroke-width=\"0\"><\/g><g id=\"SVGRepo_tracerCarrier\" stroke-linecap=\"round\" stroke-linejoin=\"round\"><\/g><g id=\"SVGRepo_iconCarrier\"><path d=\"M9.731,14.075c-1.387,0.252 -2.676,0.921 -3.687,1.932c-1.309,1.309 -2.044,3.084 -2.044,4.935l0,4.039c0,1.657 1.343,3 3,3c4.184,-0 13.816,-0 18,-0c1.657,-0 3,-1.343 3,-3l0,-4.039c0,-1.851 -0.735,-3.626 -2.044,-4.935c-1.011,-1.011 -2.3,-1.68 -3.687,-1.932c0.468,-0.939 0.731,-1.997 0.731,-3.117c0,-3.863 -3.137,-7 -7,-7c-3.863,0 -7,3.137 -7,7c0,1.12 0.263,2.178 0.731,3.117Zm11.169,1.88c-1.262,1.239 -2.993,2.003 -4.9,2.003c-1.907,0 -3.638,-0.764 -4.9,-2.003c-0.04,0.005 -0.08,0.007 -0.12,0.007c-1.321,0 -2.588,0.525 -3.521,1.459c-0.934,0.934 -1.459,2.201 -1.459,3.521c0,0 0,4.039 0,4.039c0,0.552 0.448,1 1,1l18,-0c0.552,-0 1,-0.448 1,-1c-0,-0 0,-4.039 0,-4.039c0,-1.32 -0.525,-2.587 -1.459,-3.521c-0.933,-0.934 -2.2,-1.459 -3.521,-1.459c-0.04,0 -0.08,-0.002 -0.12,-0.007Zm-4.9,-9.997c2.76,0 5,2.241 5,5c0,2.76 -2.24,5 -5,5c-2.76,0 -5,-2.24 -5,-5c0,-2.759 2.24,-5 5,-5Z\"><\/path><path d=\"M20,20.008l-1,-0c-0.552,-0 -1,0.448 -1,1c-0,0.552 0.448,1 1,1l1,-0l0,1c-0,0.552 0.448,1 1,1c0.552,-0 1,-0.448 1,-1l0,-1l1,-0c0.552,-0 1,-0.448 1,-1c-0,-0.552 -0.448,-1 -1,-1l-1,-0l0,-1c-0,-0.552 -0.448,-1 -1,-1c-0.552,-0 -1,0.448 -1,1l0,1Z\"><\/path><\/g><\/svg><\/span>                <\/div>\n\n                <div class=\"content-container\">\n                    <h5 class=\"icon-box-title\">Durante el estudio <\/h5>\n\n                    <div class=\"icon-box-info\"><ul><li>Revisi\u00f3n del consentimiento y la elegibilidad para confirmar que los participantes cumplen plenamente los requisitos del protocolo.<\/li><li>Supervisi\u00f3n de que los equipos de estudio sigan los procedimientos del protocolo y los requisitos de visita.<\/li><\/ul><\/div>\n                <\/div>\n            <\/div>\n        <\/div>\n        \t\t\t\t<\/div>\n\t\t\t\t<\/div>\n\t\t\t\t<div class=\"elementor-element elementor-element-8d8515c icon-position-left alignment-left icon-position-mobile-top v-alignment-top elementor-widget elementor-widget-aigency_icon_box\" data-id=\"8d8515c\" data-element_type=\"widget\" data-e-type=\"widget\" data-widget_type=\"aigency_icon_box.default\">\n\t\t\t\t<div class=\"elementor-widget-container\">\n\t\t\t\t\t\n        <div class=\"aigency-icon-box-widget\">\n                        <div class=\"icon-box-item\">\n\n                <div class=\"icon-container background-type-none\">\n                    <span class=\"icon\"><svg fill=\"#ff6600\" viewbox=\"0 0 16 16\" xmlns=\"http:\/\/www.w3.org\/2000\/svg\"><g id=\"SVGRepo_bgCarrier\" stroke-width=\"0\"><\/g><g id=\"SVGRepo_tracerCarrier\" stroke-linecap=\"round\" stroke-linejoin=\"round\"><\/g><g id=\"SVGRepo_iconCarrier\"> <g id=\"Layer_2\" data-name=\"Layer 2\"> <g id=\"Layer_1-2\" data-name=\"Layer 1\"> <path d=\"M3,9A2,2,0,1,0,5,7,2,2,0,0,0,3,9ZM6,9A1,1,0,1,1,5,8,1,1,0,0,1,6,9Zm1.5,3h-5A2.5,2.5,0,0,0,0,14.5,1.5,1.5,0,0,0,1.5,16h7A1.5,1.5,0,0,0,10,14.5,2.5,2.5,0,0,0,7.5,12Zm1,3h-7a.5.5,0,0,1-.5-.5A1.5,1.5,0,0,1,2.5,13h5A1.5,1.5,0,0,1,9,14.5.5.5,0,0,1,8.5,15ZM16,.5v8a.5.5,0,0,1-.5.5H10v1h2.5a.5.5,0,0,1,0,1h-4a.5.5,0,0,1,0-1H9V9H8.5a.5.5,0,0,1,0-1H15V1H4V5.5a.5.5,0,0,1-1,0V.5A.5.5,0,0,1,3.5,0h12A.5.5,0,0,1,16,.5ZM6.5,6a.47.47,0,0,1-.35-.15.48.48,0,0,1,0-.7l2-2a.48.48,0,0,1,.7,0L10.5,4.79l2.65-2.64a.49.49,0,0,1,.7.7l-3,3a.48.48,0,0,1-.7,0L8.5,4.21,6.85,5.85A.47.47,0,0,1,6.5,6Z\"><\/path> <\/g> <\/g> <\/g><\/svg><\/span>                <\/div>\n\n                <div class=\"content-container\">\n                    <h5 class=\"icon-box-title\">A lo largo del juicio <\/h5>\n\n                    <div class=\"icon-box-info\"><ul><li>Medidas correctivas y preventivas aplicadas hasta el cierre<\/li><\/ul><\/div>\n                <\/div>\n            <\/div>\n        <\/div>\n        \t\t\t\t<\/div>\n\t\t\t\t<\/div>\n\t\t\t\t<div class=\"elementor-element elementor-element-6e844ef elementor-hidden-widescreen elementor-hidden-desktop elementor-hidden-laptop elementor-hidden-tablet_extra elementor-hidden-tablet aigency-button-border-style-gradient aigency-button-bakground-style-solid elementor-widget elementor-widget-aigency_button\" data-id=\"6e844ef\" data-element_type=\"widget\" data-e-type=\"widget\" data-widget_type=\"aigency_button.default\">\n\t\t\t\t<div class=\"elementor-widget-container\">\n\t\t\t\t\t\n        <div class=\"button-widget\">\n            <div class=\"button-container\">\n                                <a class=\"aigency-button\" href=\"\/es\/contact-fomat\/\" target=\"_blank\">Cont\u00e1ctenos                    <span class=\"icon-button-icon\"><\/span><span class=\"button-inner\"><\/span>\n                <\/a>\n                            <\/div>\n        <\/div>\n        \t\t\t\t<\/div>\n\t\t\t\t<\/div>\n\t\t\t\t<\/div>\n\t\t\t\t\t<\/div>\n\t\t\t\t<\/div>\n\t\t<div class=\"elementor-element elementor-element-4c44a92 e-con-full e-flex e-con e-child\" data-id=\"4c44a92\" data-element_type=\"container\" data-e-type=\"container\">\n\t\t<div class=\"elementor-element elementor-element-a98ed86 e-con-full e-flex e-con e-child\" data-id=\"a98ed86\" data-element_type=\"container\" data-e-type=\"container\" data-settings=\"{&quot;background_background&quot;:&quot;classic&quot;}\">\n\t\t\t\t<\/div>\n\t\t<div class=\"elementor-element elementor-element-c42314c e-con-full e-flex e-con e-child\" data-id=\"c42314c\" data-element_type=\"container\" data-e-type=\"container\">\n\t\t<div class=\"elementor-element elementor-element-d2afdca e-con-full e-flex e-con e-child\" data-id=\"d2afdca\" data-element_type=\"container\" data-e-type=\"container\" data-settings=\"{&quot;background_background&quot;:&quot;classic&quot;}\">\n\t\t\t\t<div class=\"elementor-element elementor-element-c1088b6 elementor-invisible elementor-widget elementor-widget-aigency_heading\" data-id=\"c1088b6\" data-element_type=\"widget\" data-e-type=\"widget\" data-settings=\"{&quot;_animation&quot;:&quot;aigency_heading_animation&quot;,&quot;_animation_delay&quot;:300}\" data-widget_type=\"aigency_heading.default\">\n\t\t\t\t<div class=\"elementor-widget-container\">\n\t\t\t\t\t<div class=\"aigency-heading-widget\"><h2 class=\"aigency-heading\"><span class=\"aigency-heading-content has_gradient_color_text\">Calidad integrada en las operaciones diarias<\/span><\/h2><\/div>\t\t\t\t<\/div>\n\t\t\t\t<\/div>\n\t\t\t\t<div class=\"elementor-element elementor-element-ae41bad elementor-widget elementor-widget-text-editor\" data-id=\"ae41bad\" data-element_type=\"widget\" data-e-type=\"widget\" data-widget_type=\"text-editor.default\">\n\t\t\t\t<div class=\"elementor-widget-container\">\n\t\t\t\t\t\t\t\t\t<p>Estos valores gu\u00edan la forma en que trabajamos entre nosotros, con las cl\u00ednicas y con los patrocinadores. Tambi\u00e9n describen lo que buscamos en nuestros nuevos compa\u00f1eros de trabajo.<\/p>\t\t\t\t\t\t\t\t<\/div>\n\t\t\t\t<\/div>\n\t\t\t\t<div class=\"elementor-element elementor-element-0c4222c elementor-widget elementor-widget-text-editor\" data-id=\"0c4222c\" data-element_type=\"widget\" data-e-type=\"widget\" data-widget_type=\"text-editor.default\">\n\t\t\t\t<div class=\"elementor-widget-container\">\n\t\t\t\t\t\t\t\t\t<p><strong>Equipos dedicados a la calidad<\/strong><br \/>Los especialistas internos en calidad y cumplimiento normativo prestan apoyo a todos los estudios y centros.<\/p><p><strong>Supervisi\u00f3n por niveles<\/strong><br \/>Las verificaciones continuas y las revisiones planificadas permiten detectar posibles problemas de forma temprana.<\/p><p><strong>Visibilidad digital<\/strong><br \/>La mayor\u00eda de los documentos del estudio se completan y revisan en una plataforma electr\u00f3nica compartida, lo que mejora la supervisi\u00f3n en tiempo real y refuerza la calidad de la recopilaci\u00f3n de datos.<\/p><p><strong>Mentalidad de calidad continua <\/strong><br \/>Los procedimientos est\u00e1ndar, las plantillas y la capacitaci\u00f3n ayudan a los equipos a documentar de manera consistente, manteniendo los archivos del estudio listos para las visitas de supervisi\u00f3n y las auditor\u00edas.<\/p>\t\t\t\t\t\t\t\t<\/div>\n\t\t\t\t<\/div>\n\t\t\t\t<\/div>\n\t\t\t\t<\/div>\n\t\t\t\t<\/div>\n\t\t<div class=\"elementor-element elementor-element-dd3c30c e-flex e-con-boxed e-con e-parent\" data-id=\"dd3c30c\" data-element_type=\"container\" data-e-type=\"container\" data-settings=\"{&quot;background_background&quot;:&quot;classic&quot;}\">\n\t\t\t\t\t<div class=\"e-con-inner\">\n\t\t<div class=\"elementor-element elementor-element-0a8c4cb e-con-full e-flex e-con e-child\" data-id=\"0a8c4cb\" data-element_type=\"container\" data-e-type=\"container\">\n\t\t\t\t<div class=\"elementor-element elementor-element-0eea9c4 elementor-invisible elementor-widget elementor-widget-aigency_heading\" data-id=\"0eea9c4\" data-element_type=\"widget\" data-e-type=\"widget\" data-settings=\"{&quot;_animation&quot;:&quot;aigency_heading_animation&quot;,&quot;_animation_delay&quot;:300}\" data-widget_type=\"aigency_heading.default\">\n\t\t\t\t<div class=\"elementor-widget-container\">\n\t\t\t\t\t<div class=\"aigency-heading-widget\"><h2 class=\"aigency-heading\"><span class=\"aigency-heading-content has_gradient_color_text\">Equipos responsables de la calidad y el cumplimiento normativo<\/span><\/h2><\/div>\t\t\t\t<\/div>\n\t\t\t\t<\/div>\n\t\t\t\t<div class=\"elementor-element elementor-element-3e7cd13 elementor-widget elementor-widget-text-editor\" data-id=\"3e7cd13\" data-element_type=\"widget\" data-e-type=\"widget\" data-widget_type=\"text-editor.default\">\n\t\t\t\t<div class=\"elementor-widget-container\">\n\t\t\t\t\t\t\t\t\t<p>Los equipos de calidad y cumplimiento trabajan codo con codo con los equipos cl\u00ednicos, normativos y de puesta en marcha.<\/p>\t\t\t\t\t\t\t\t<\/div>\n\t\t\t\t<\/div>\n\t\t<div class=\"elementor-element elementor-element-f236a01 e-grid e-con-full e-con e-child\" data-id=\"f236a01\" data-element_type=\"container\" data-e-type=\"container\">\n\t\t<div class=\"elementor-element elementor-element-93ac3cd e-con-full e-flex elementor-invisible e-con e-child\" data-id=\"93ac3cd\" data-element_type=\"container\" data-e-type=\"container\" data-settings=\"{&quot;background_background&quot;:&quot;classic&quot;,&quot;animation&quot;:&quot;fadeInLeft&quot;,&quot;animation_delay&quot;:300}\">\n\t\t\t\t<div class=\"elementor-element elementor-element-af0a654 alignment-left icon-position-top elementor-widget elementor-widget-aigency_icon_box\" data-id=\"af0a654\" data-element_type=\"widget\" data-e-type=\"widget\" data-widget_type=\"aigency_icon_box.default\">\n\t\t\t\t<div class=\"elementor-widget-container\">\n\t\t\t\t\t\n        <div class=\"aigency-icon-box-widget\">\n                        <div class=\"icon-box-item\">\n\n                <div class=\"icon-container background-type-none\">\n                    <span class=\"icon\"><svg viewbox=\"0 0 24 24\" fill=\"none\" xmlns=\"http:\/\/www.w3.org\/2000\/svg\"><g id=\"SVGRepo_bgCarrier\" stroke-width=\"0\"><\/g><g id=\"SVGRepo_tracerCarrier\" stroke-linecap=\"round\" stroke-linejoin=\"round\"><\/g><g id=\"SVGRepo_iconCarrier\"> <path d=\"M13 3H8.2C7.0799 3 6.51984 3 6.09202 3.21799C5.71569 3.40973 5.40973 3.71569 5.21799 4.09202C5 4.51984 5 5.0799 5 6.2V17.8C5 18.9201 5 19.4802 5.21799 19.908C5.40973 20.2843 5.71569 20.5903 6.09202 20.782C6.51984 21 7.0799 21 8.2 21H12M13 3L19 9M13 3V7.4C13 7.96005 13 8.24008 13.109 8.45399C13.2049 8.64215 13.3578 8.79513 13.546 8.89101C13.7599 9 14.0399 9 14.6 9H19M19 9V11M9 17H11M9 13H13M9 9H10M19.2686 19.2686L21 21M20 17.5C20 18.8807 18.8807 20 17.5 20C16.1193 20 15 18.8807 15 17.5C15 16.1193 16.1193 15 17.5 15C18.8807 15 20 16.1193 20 17.5Z\" stroke=\"#ff6600\" stroke-width=\"2\" stroke-linecap=\"round\" stroke-linejoin=\"round\"><\/path> <\/g><\/svg><\/span>                <\/div>\n\n                <div class=\"content-container\">\n                    <h5 class=\"icon-box-title\"><a class=\"icon-box-item-link\" href=\"\/es\/patient-active-studies\/\"target=\"_blank\">Control de calidad <\/a><\/h5>\n\n                    <div class=\"icon-box-info\"><ul><li>Revisa la fuente y los datos del sistema para verificar su exactitud e integridad durante las visitas de los participantes.<\/li><li>Verifica que los datos de seguridad y la documentaci\u00f3n de los criterios de valoraci\u00f3n est\u00e9n completos y se ajusten al protocolo.<\/li><li>Permite un monitoreo y una supervisi\u00f3n fluidos de todos los estudios.<\/li><\/ul><\/div>\n                <\/div>\n            <\/div>\n        <\/div>\n        \t\t\t\t<\/div>\n\t\t\t\t<\/div>\n\t\t\t\t<\/div>\n\t\t<div class=\"elementor-element elementor-element-24fe0da e-con-full e-flex elementor-invisible e-con e-child\" data-id=\"24fe0da\" data-element_type=\"container\" data-e-type=\"container\" data-settings=\"{&quot;background_background&quot;:&quot;classic&quot;,&quot;animation&quot;:&quot;fadeInUp&quot;,&quot;animation_delay&quot;:500}\">\n\t\t\t\t<div class=\"elementor-element elementor-element-b165a25 alignment-left icon-position-top elementor-widget elementor-widget-aigency_icon_box\" data-id=\"b165a25\" data-element_type=\"widget\" data-e-type=\"widget\" data-widget_type=\"aigency_icon_box.default\">\n\t\t\t\t<div class=\"elementor-widget-container\">\n\t\t\t\t\t\n        <div class=\"aigency-icon-box-widget\">\n                        <div class=\"icon-box-item\">\n\n                <div class=\"icon-container background-type-none\">\n                    <span class=\"icon\"><svg viewbox=\"0 0 24 24\" fill=\"none\" xmlns=\"http:\/\/www.w3.org\/2000\/svg\"><g id=\"SVGRepo_bgCarrier\" stroke-width=\"0\"><\/g><g id=\"SVGRepo_tracerCarrier\" stroke-linecap=\"round\" stroke-linejoin=\"round\"><\/g><g id=\"SVGRepo_iconCarrier\"> <path d=\"M9 12L11 14L15 9.99999M20 12C20 16.4611 14.54 19.6937 12.6414 20.683C12.4361 20.79 12.3334 20.8435 12.191 20.8712C12.08 20.8928 11.92 20.8928 11.809 20.8712C11.6666 20.8435 11.5639 20.79 11.3586 20.683C9.45996 19.6937 4 16.4611 4 12V8.21759C4 7.41808 4 7.01833 4.13076 6.6747C4.24627 6.37113 4.43398 6.10027 4.67766 5.88552C4.9535 5.64243 5.3278 5.50207 6.0764 5.22134L11.4382 3.21067C11.6461 3.13271 11.75 3.09373 11.857 3.07827C11.9518 3.06457 12.0482 3.06457 12.143 3.07827C12.25 3.09373 12.3539 3.13271 12.5618 3.21067L17.9236 5.22134C18.6722 5.50207 19.0465 5.64243 19.3223 5.88552C19.566 6.10027 19.7537 6.37113 19.8692 6.6747C20 7.01833 20 7.41808 20 8.21759V12Z\" stroke=\"#ff6600\" stroke-width=\"2\" stroke-linecap=\"round\" stroke-linejoin=\"round\"><\/path> <\/g><\/svg><\/span>                <\/div>\n\n                <div class=\"content-container\">\n                    <h5 class=\"icon-box-title\"><a class=\"icon-box-item-link\" href=\"\/es\/patient-active-studies\/\"target=\"_blank\">Garant\u00eda de calidad y cumplimiento normativo <\/a><\/h5>\n\n                    <div class=\"icon-box-info\"><ul><li>Garantiza el cumplimiento de los protocolos de estudio, los procedimientos operativos est\u00e1ndar y las buenas pr\u00e1cticas cl\u00ednicas.<\/li><li>Mantiene la preparaci\u00f3n para auditor\u00edas e inspecciones a lo largo de todo el ciclo de vida del estudio.<\/li><li>Impulsa la mejora continua aprovechando el an\u00e1lisis de tendencias y las evaluaciones de riesgos.<\/li><\/ul><\/div>\n                <\/div>\n            <\/div>\n        <\/div>\n        \t\t\t\t<\/div>\n\t\t\t\t<\/div>\n\t\t\t\t<\/div>\n\t\t\t\t<\/div>\n\t\t\t\t<\/div>\n\t\t\t\t\t<\/div>\n\t\t\t\t<\/div>\n\t\t\t\t<\/div>","protected":false},"excerpt":{"rendered":"<p>La calidad es uno de los pilares fundamentales en la forma en que FOMAT lleva a cabo la investigaci\u00f3n cl\u00ednica. Equipos dedicados, procesos claros y herramientas digitales respaldan cada estudio para que los datos y la documentaci\u00f3n sean confiables de principio a fin. Estos valores gu\u00edan la forma en que trabajamos entre nosotros, con...<\/p>","protected":false},"author":2,"featured_media":53439,"parent":0,"menu_order":0,"comment_status":"closed","ping_status":"closed","template":"","meta":{"_acf_changed":false,"footnotes":""},"class_list":["post-53435","page","type-page","status-publish","has-post-thumbnail","hentry"],"acf":[],"_links":{"self":[{"href":"https:\/\/fomatmedical.com\/es\/wp-json\/wp\/v2\/pages\/53435","targetHints":{"allow":["GET"]}}],"collection":[{"href":"https:\/\/fomatmedical.com\/es\/wp-json\/wp\/v2\/pages"}],"about":[{"href":"https:\/\/fomatmedical.com\/es\/wp-json\/wp\/v2\/types\/page"}],"author":[{"embeddable":true,"href":"https:\/\/fomatmedical.com\/es\/wp-json\/wp\/v2\/users\/2"}],"replies":[{"embeddable":true,"href":"https:\/\/fomatmedical.com\/es\/wp-json\/wp\/v2\/comments?post=53435"}],"version-history":[{"count":76,"href":"https:\/\/fomatmedical.com\/es\/wp-json\/wp\/v2\/pages\/53435\/revisions"}],"predecessor-version":[{"id":73063,"href":"https:\/\/fomatmedical.com\/es\/wp-json\/wp\/v2\/pages\/53435\/revisions\/73063"}],"wp:featuredmedia":[{"embeddable":true,"href":"https:\/\/fomatmedical.com\/es\/wp-json\/wp\/v2\/media\/53439"}],"wp:attachment":[{"href":"https:\/\/fomatmedical.com\/es\/wp-json\/wp\/v2\/media?parent=53435"}],"curies":[{"name":"wp","href":"https:\/\/api.w.org\/{rel}","templated":true}]}}