{"id":11108,"date":"2025-12-26T05:07:50","date_gmt":"2025-12-26T04:07:50","guid":{"rendered":"https:\/\/fomatmedical.com\/?page_id=11108"},"modified":"2026-03-27T21:54:31","modified_gmt":"2026-03-28T04:54:31","slug":"company-updates","status":"publish","type":"page","link":"https:\/\/fomatmedical.com\/es\/company-updates\/","title":{"rendered":"Actualizaciones de la empresa"},"content":{"rendered":"<div data-elementor-type=\"wp-page\" data-elementor-id=\"11108\" class=\"elementor elementor-11108\" wpc-filter-elementor-widget=\"1\" data-elementor-post-type=\"page\">\n\t\t\t\t<div class=\"elementor-element elementor-element-a03f67d e-con-full e-flex e-con e-parent\" data-id=\"a03f67d\" data-element_type=\"container\" data-e-type=\"container\" data-settings=\"{&quot;background_background&quot;:&quot;classic&quot;}\">\n\t\t<div class=\"elementor-element elementor-element-03f0226 e-con-full e-flex e-con e-child\" data-id=\"03f0226\" data-element_type=\"container\" data-e-type=\"container\">\n\t\t<div class=\"elementor-element elementor-element-ccdf68d e-flex e-con-boxed e-con e-child\" data-id=\"ccdf68d\" data-element_type=\"container\" data-e-type=\"container\">\n\t\t\t\t\t<div class=\"e-con-inner\">\n\t\t<div class=\"elementor-element elementor-element-02f29b9 e-con-full e-flex e-con e-child\" data-id=\"02f29b9\" data-element_type=\"container\" data-e-type=\"container\">\n\t\t\t\t<div class=\"elementor-element elementor-element-238099d elementor-widget elementor-widget-aigency_heading\" data-id=\"238099d\" data-element_type=\"widget\" data-e-type=\"widget\" data-settings=\"{&quot;_animation&quot;:&quot;none&quot;,&quot;_animation_delay&quot;:300}\" data-widget_type=\"aigency_heading.default\">\n\t\t\t\t<div class=\"elementor-widget-container\">\n\t\t\t\t\t<div class=\"aigency-heading-widget\"><h1 class=\"aigency-heading\"><span class=\"aigency-heading-content has_gradient_color_text\">Actualizaciones y aspectos destacados de la empresa<\/span><\/h1><\/div>\t\t\t\t<\/div>\n\t\t\t\t<\/div>\n\t\t\t\t<div class=\"elementor-element elementor-element-64d7868 elementor-widget elementor-widget-text-editor\" data-id=\"64d7868\" data-element_type=\"widget\" data-e-type=\"widget\" data-widget_type=\"text-editor.default\">\n\t\t\t\t<div class=\"elementor-widget-container\">\n\t\t\t\t\t\t\t\t\t<p>Mant\u00e9ngase informado sobre las iniciativas, nuevas capacidades, premios y otras noticias importantes de FOMAT.<\/p>\t\t\t\t\t\t\t\t<\/div>\n\t\t\t\t<\/div>\n\t\t\t\t<\/div>\n\t\t\t\t\t<\/div>\n\t\t\t\t<\/div>\n\t\t\t\t<\/div>\n\t\t\t\t<\/div>\n\t\t<div class=\"elementor-element elementor-element-86322a2 e-flex e-con-boxed e-con e-parent\" data-id=\"86322a2\" data-element_type=\"container\" data-e-type=\"container\">\n\t\t\t\t\t<div class=\"e-con-inner\">\n\t\t<div class=\"elementor-element elementor-element-ccb625f e-con-full e-flex e-con e-child\" data-id=\"ccb625f\" data-element_type=\"container\" data-e-type=\"container\">\n\t\t\t\t<div class=\"elementor-element elementor-element-a895b5a listing-pagination-border-style-gradient listing-pagination-background-style-solid elementor-widget elementor-widget-aigency_blog_listing\" data-id=\"a895b5a\" data-element_type=\"widget\" data-e-type=\"widget\" data-widget_type=\"aigency_blog_listing.default\">\n\t\t\t\t<div class=\"elementor-widget-container\">\n\t\t\t\t\t\n        <div class=\"archive-listing\" data-ajax='{&quot;post_type&quot;:&quot;post&quot;,&quot;post_status&quot;:&quot;publish&quot;,&quot;posts_per_page&quot;:9,&quot;orderby&quot;:&quot;date&quot;,&quot;order&quot;:&quot;desc&quot;,&quot;paged&quot;:1,&quot;category_name&quot;:&quot;company-updates&quot;,&quot;tag&quot;:&quot;&quot;,&quot;post__in&quot;:&quot;&quot;,&quot;ignore_sticky_posts&quot;:false,&quot;link_base&quot;:&quot;https:\\\/\\\/fomatmedical.com\\\/es\\\/wp-json\\\/wp\\\/v2\\\/pages\\\/11108&quot;}' data-widget='{&quot;listing_type&quot;:&quot;grid&quot;,&quot;excerpt_length&quot;:1000,&quot;show_cat&quot;:&quot;yes&quot;,&quot;show_media&quot;:&quot;yes&quot;,&quot;show_author&quot;:&quot;&quot;,&quot;show_date&quot;:&quot;&quot;,&quot;show_title&quot;:&quot;yes&quot;,&quot;show_tags&quot;:&quot;no&quot;,&quot;show_excerpt&quot;:&quot;yes&quot;,&quot;show_read_more&quot;:&quot;yes&quot;,&quot;read_more_text&quot;:&quot;Read More&quot;,&quot;columns_number&quot;:3,&quot;show_pagination&quot;:&quot;yes&quot;,&quot;item_class&quot;:&quot;post grid-item grid-blog-item-wrapper&quot;}'>\n            <div class=\"archive-listing-wrapper grid-listing columns-3\">\n                \r\n<div class=\"standard-blog-item-wrapper post grid-item grid-blog-item-wrapper post-111040 type-post status-publish format-standard has-post-thumbnail hentry category-company-updates\">\r\n    <div class=\"blog-item\">\r\n        <div class=\"post-media-wrapper\"><a href=\"https:\/\/fomatmedical.com\/es\/company-updates\/fomat-acquires-topography-health\/\"><picture><source media=\"(max-width: 575px)\" sizes=\"(max-width: 575px) 575px\" srcset=\"https:\/\/fomatmedical.com\/wp-content\/uploads\/2026\/05\/converted_image-575x274.webp 575w\"><source media=\"(max-width: 991px)\" sizes=\"(max-width: 991px) 991px\" srcset=\"https:\/\/fomatmedical.com\/wp-content\/uploads\/2026\/05\/converted_image-500x374.webp 991w\"><img decoding=\"async\" alt=\"FOMAT entrevista a Nick Focil, director ejecutivo de Topography Health, en Clinical Leader\" title=\"imagen_convertida\" src=\"https:\/\/fomatmedical.com\/wp-content\/uploads\/2026\/05\/converted_image-640x478.webp\" class=\"attachment-aigency_post_grid_3_columns size-aigency_post_grid_3_columns wp-post-image\" \/><\/picture><\/a><\/div><h5 class=\"post-title\"><a href=\"https:\/\/fomatmedical.com\/es\/company-updates\/fomat-acquires-topography-health\/\">FOMAT adquiere Topography Health: Una conversaci\u00f3n con el director ejecutivo Nick Focil<\/a><\/h5><div class=\"post-content\">FOMAT adquiere Topography Health, y la historia detr\u00e1s de la operaci\u00f3n comenz\u00f3 con una insinuaci\u00f3n durante una cena en la Conferencia MAGI de Investigaci\u00f3n Cl\u00ednica. En la reciente Conferencia MAGI de Investigaci\u00f3n Cl\u00ednica, el editor de Clinical Leader, Dan Schell, se encontr\u00f3 con Nick Focil, director ejecutivo de...<\/div><div class=\"post-labels\"><div class=\"post-categories\"><a class=\"post-category-item\" href=\"https:\/\/fomatmedical.com\/es\/category\/company-updates\/\">Actualizaciones de la empresa<\/a><\/div><\/div><div class=\"post-more-button\"><a href=\"https:\/\/fomatmedical.com\/es\/company-updates\/fomat-acquires-topography-health\/\"><span>Leer m\u00e1s<\/span><svg viewbox=\"0 0 13 20\"><polyline points=\"0.5 19.5 3 19.5 12.5 10 3 0.5\" \/><\/svg><\/a><\/div>    <\/div>\r\n<\/div>\r\n<div class=\"standard-blog-item-wrapper post grid-item grid-blog-item-wrapper post-111000 type-post status-publish format-standard has-post-thumbnail hentry category-company-updates\">\r\n    <div class=\"blog-item\">\r\n        <div class=\"post-media-wrapper\"><a href=\"https:\/\/fomatmedical.com\/es\/company-updates\/embedded-research-organization-fomat\/\"><picture><source media=\"(max-width: 575px)\" sizes=\"(max-width: 575px) 575px\" srcset=\"https:\/\/fomatmedical.com\/wp-content\/uploads\/2026\/05\/fomat_banner-575x274.webp 575w\"><source media=\"(max-width: 991px)\" sizes=\"(max-width: 991px) 991px\" srcset=\"https:\/\/fomatmedical.com\/wp-content\/uploads\/2026\/05\/fomat_banner-500x374.webp 991w\"><img decoding=\"async\" alt=\"FOMAT Medical Research: la mayor organizaci\u00f3n de investigaci\u00f3n integrada de EE. UU., con m\u00e1s de 35 centros de ensayos cl\u00ednicos repartidos por seis estados\" title=\"fomat_banner\" src=\"https:\/\/fomatmedical.com\/wp-content\/uploads\/2026\/05\/fomat_banner-640x478.webp\" class=\"attachment-aigency_post_grid_3_columns size-aigency_post_grid_3_columns wp-post-image\" \/><\/picture><\/a><\/div><h5 class=\"post-title\"><a href=\"https:\/\/fomatmedical.com\/es\/company-updates\/embedded-research-organization-fomat\/\">FOMAT adquiere Topography Health y se convierte en la mayor organizaci\u00f3n de investigaci\u00f3n en sistemas embebidos de Estados Unidos.<\/a><\/h5><div class=\"post-content\">Durante mucho tiempo, la investigaci\u00f3n cl\u00ednica se ha concentrado en grandes centros m\u00e9dicos acad\u00e9micos y centros especializados, lugares a los que la mayor\u00eda de los pacientes nunca acuden. FOMAT Medical Research se fund\u00f3 con la convicci\u00f3n de que esto ten\u00eda que cambiar. El 1 de mayo de 2026, esa misi\u00f3n alcanz\u00f3...<\/div><div class=\"post-labels\"><div class=\"post-categories\"><a class=\"post-category-item\" href=\"https:\/\/fomatmedical.com\/es\/category\/company-updates\/\">Actualizaciones de la empresa<\/a><\/div><\/div><div class=\"post-more-button\"><a href=\"https:\/\/fomatmedical.com\/es\/company-updates\/embedded-research-organization-fomat\/\"><span>Leer m\u00e1s<\/span><svg viewbox=\"0 0 13 20\"><polyline points=\"0.5 19.5 3 19.5 12.5 10 3 0.5\" \/><\/svg><\/a><\/div>    <\/div>\r\n<\/div>\r\n<div class=\"standard-blog-item-wrapper post grid-item grid-blog-item-wrapper post-51231 type-post status-publish format-standard has-post-thumbnail hentry category-company-updates\">\r\n    <div class=\"blog-item\">\r\n        <div class=\"post-media-wrapper\"><a href=\"https:\/\/fomatmedical.com\/es\/company-updates\/hispanic-community-perspectives-on-clinical-trial-participation\/\"><picture><source media=\"(max-width: 575px)\" sizes=\"(max-width: 575px) 575px\" srcset=\"https:\/\/fomatmedical.com\/wp-content\/uploads\/2025\/04\/Blogs-Size-Images-9-575x274.webp 575w\"><source media=\"(max-width: 991px)\" sizes=\"(max-width: 991px) 991px\" srcset=\"https:\/\/fomatmedical.com\/wp-content\/uploads\/2025\/04\/Blogs-Size-Images-9-500x374.webp 991w\"><img decoding=\"async\" alt=\"Participaci\u00f3n de la comunidad hispana en ensayos cl\u00ednicos\" title=\"Blogs-Tama\u00f1o-Im\u00e1genes-9\" src=\"https:\/\/fomatmedical.com\/wp-content\/uploads\/2025\/04\/Blogs-Size-Images-9-640x478.webp\" class=\"attachment-aigency_post_grid_3_columns size-aigency_post_grid_3_columns wp-post-image\" \/><\/picture><\/a><\/div><h5 class=\"post-title\"><a href=\"https:\/\/fomatmedical.com\/es\/company-updates\/hispanic-community-perspectives-on-clinical-trial-participation\/\">Perspectivas de la comunidad hispana sobre la participaci\u00f3n en ensayos cl\u00ednicos<\/a><\/h5><div class=\"post-content\">La participaci\u00f3n de la poblaci\u00f3n hispana en los ensayos cl\u00ednicos sigue siendo extremadamente baja, a pesar de ser uno de los grupos demogr\u00e1ficos de m\u00e1s r\u00e1pido crecimiento en los Estados Unidos. Esta brecha no solo limita la generalizaci\u00f3n de los resultados de las investigaciones, sino que tambi\u00e9n agrava las disparidades existentes en la atenci\u00f3n m\u00e9dica. Las personas hispanas representan casi el 19% de...<\/div><div class=\"post-labels\"><div class=\"post-categories\"><a class=\"post-category-item\" href=\"https:\/\/fomatmedical.com\/es\/category\/company-updates\/\">Actualizaciones de la empresa<\/a><\/div><\/div><div class=\"post-more-button\"><a href=\"https:\/\/fomatmedical.com\/es\/company-updates\/hispanic-community-perspectives-on-clinical-trial-participation\/\"><span>Leer m\u00e1s<\/span><svg viewbox=\"0 0 13 20\"><polyline points=\"0.5 19.5 3 19.5 12.5 10 3 0.5\" \/><\/svg><\/a><\/div>    <\/div>\r\n<\/div>\r\n<div class=\"standard-blog-item-wrapper post grid-item grid-blog-item-wrapper post-50797 type-post status-publish format-standard has-post-thumbnail hentry category-company-updates\">\r\n    <div class=\"blog-item\">\r\n        <div class=\"post-media-wrapper\"><a href=\"https:\/\/fomatmedical.com\/es\/company-updates\/ophthalmology-clinical-trials-ca\/\"><picture><source media=\"(max-width: 575px)\" sizes=\"(max-width: 575px) 575px\" srcset=\"https:\/\/fomatmedical.com\/wp-content\/uploads\/2025\/02\/MailChimp-Header-81-575x274.webp 575w\"><source media=\"(max-width: 991px)\" sizes=\"(max-width: 991px) 991px\" srcset=\"https:\/\/fomatmedical.com\/wp-content\/uploads\/2025\/02\/MailChimp-Header-81-500x374.webp 991w\"><img decoding=\"async\" alt=\"ensayos cl\u00ednicos en oftalmolog\u00eda\" title=\"MailChimp-Encabezado-81\" src=\"https:\/\/fomatmedical.com\/wp-content\/uploads\/2025\/02\/MailChimp-Header-81-640x478.webp\" class=\"attachment-aigency_post_grid_3_columns size-aigency_post_grid_3_columns wp-post-image\" \/><\/picture><\/a><\/div><h5 class=\"post-title\"><a href=\"https:\/\/fomatmedical.com\/es\/company-updates\/ophthalmology-clinical-trials-ca\/\">Ampliaci\u00f3n de los ensayos cl\u00ednicos oftalmol\u00f3gicos en el centro de California<\/a><\/h5><div class=\"post-content\">FOMAT est\u00e1 ampliando su red de ensayos cl\u00ednicos oftalmol\u00f3gicos en el centro de California gracias a una nueva colaboraci\u00f3n con el Dr. Daniel R. Agarwal, oftalm\u00f3logo especializado en el tratamiento de la retina y el v\u00edtreo en San Luis Obispo Eye Associates. Esta colaboraci\u00f3n refleja el compromiso de FOMAT de ofrecer...<\/div><div class=\"post-labels\"><div class=\"post-categories\"><a class=\"post-category-item\" href=\"https:\/\/fomatmedical.com\/es\/category\/company-updates\/\">Actualizaciones de la empresa<\/a><\/div><\/div><div class=\"post-more-button\"><a href=\"https:\/\/fomatmedical.com\/es\/company-updates\/ophthalmology-clinical-trials-ca\/\"><span>Leer m\u00e1s<\/span><svg viewbox=\"0 0 13 20\"><polyline points=\"0.5 19.5 3 19.5 12.5 10 3 0.5\" \/><\/svg><\/a><\/div>    <\/div>\r\n<\/div>\r\n<div class=\"standard-blog-item-wrapper post grid-item grid-blog-item-wrapper post-50133 type-post status-publish format-standard has-post-thumbnail hentry category-company-updates\">\r\n    <div class=\"blog-item\">\r\n        <div class=\"post-media-wrapper\"><a href=\"https:\/\/fomatmedical.com\/es\/company-updates\/clinical-research-in-santa-maria\/\"><picture><source media=\"(max-width: 575px)\" sizes=\"(max-width: 575px) 575px\" srcset=\"https:\/\/fomatmedical.com\/wp-content\/uploads\/2024\/12\/Image-55-575x274.webp 575w\"><source media=\"(max-width: 991px)\" sizes=\"(max-width: 991px) 991px\" srcset=\"https:\/\/fomatmedical.com\/wp-content\/uploads\/2024\/12\/Image-55-500x374.webp 991w\"><img decoding=\"async\" alt=\"Nueva oficina de FOMAT Clinical Research en Santa Mar\u00eda, California\" title=\"Imagen-55\" src=\"https:\/\/fomatmedical.com\/wp-content\/uploads\/2024\/12\/Image-55-640x478.webp\" class=\"attachment-aigency_post_grid_3_columns size-aigency_post_grid_3_columns wp-post-image\" \/><\/picture><\/a><\/div><h5 class=\"post-title\"><a href=\"https:\/\/fomatmedical.com\/es\/company-updates\/clinical-research-in-santa-maria\/\">FOMAT Medical Research se expande a Santa Mar\u00eda, California, reforzando el acceso regional a la investigaci\u00f3n cl\u00ednica.<\/a><\/h5><div class=\"post-content\">FOMAT ha inaugurado un nuevo centro, lo que hace que la investigaci\u00f3n cl\u00ednica en Santa Mar\u00eda, California, sea m\u00e1s accesible que nunca para las comunidades desfavorecidas de la regi\u00f3n. Aprovechando sus a\u00f1os de presencia activa en el \u00e1mbito de la investigaci\u00f3n en la zona, esta expansi\u00f3n refuerza la capacidad de la organizaci\u00f3n para conectar...<\/div><div class=\"post-labels\"><div class=\"post-categories\"><a class=\"post-category-item\" href=\"https:\/\/fomatmedical.com\/es\/category\/company-updates\/\">Actualizaciones de la empresa<\/a><\/div><\/div><div class=\"post-more-button\"><a href=\"https:\/\/fomatmedical.com\/es\/company-updates\/clinical-research-in-santa-maria\/\"><span>Leer m\u00e1s<\/span><svg viewbox=\"0 0 13 20\"><polyline points=\"0.5 19.5 3 19.5 12.5 10 3 0.5\" \/><\/svg><\/a><\/div>    <\/div>\r\n<\/div>\r\n<div class=\"standard-blog-item-wrapper post grid-item grid-blog-item-wrapper post-49642 type-post status-publish format-standard has-post-thumbnail hentry category-company-updates\">\r\n    <div class=\"blog-item\">\r\n        <div class=\"post-media-wrapper\"><a href=\"https:\/\/fomatmedical.com\/es\/company-updates\/fomat-gvhc-clinical-trials-diverse-populations\/\"><picture><source media=\"(max-width: 575px)\" sizes=\"(max-width: 575px) 575px\" srcset=\"https:\/\/fomatmedical.com\/wp-content\/uploads\/2024\/12\/13328497_060123-kfsn-health-center-img-575x274.webp 575w\"><source media=\"(max-width: 991px)\" sizes=\"(max-width: 991px) 991px\" srcset=\"https:\/\/fomatmedical.com\/wp-content\/uploads\/2024\/12\/13328497_060123-kfsn-health-center-img-500x374.webp 991w\"><img decoding=\"async\" alt=\"FOMAT se asocia con GVHC para realizar ensayos cl\u00ednicos en comunidades diversas\" title=\"13328497_060123-kfsn-health-center-img\" src=\"https:\/\/fomatmedical.com\/wp-content\/uploads\/2024\/12\/13328497_060123-kfsn-health-center-img-640x478.webp\" class=\"attachment-aigency_post_grid_3_columns size-aigency_post_grid_3_columns wp-post-image\" \/><\/picture><\/a><\/div><h5 class=\"post-title\"><a href=\"https:\/\/fomatmedical.com\/es\/company-updates\/fomat-gvhc-clinical-trials-diverse-populations\/\">La nueva alianza entre FOMAT Medical Research y Golden Valley Health Centers lleva los ensayos cl\u00ednicos a las diversas poblaciones del centro-norte de California.<\/a><\/h5><div class=\"post-content\">Ensayos cl\u00ednicos en comunidades diversas: FOMAT y Golden Valley Health Centers se asocian. Las comunidades diversas del centro-norte de California tendr\u00e1n ahora acceso a ensayos cl\u00ednicos gracias a una nueva asociaci\u00f3n entre FOMAT y Golden Valley Health Centers (GVHC). Anunciado el 17 de diciembre de 2024,...<\/div><div class=\"post-labels\"><div class=\"post-categories\"><a class=\"post-category-item\" href=\"https:\/\/fomatmedical.com\/es\/category\/company-updates\/\">Actualizaciones de la empresa<\/a><\/div><\/div><div class=\"post-more-button\"><a href=\"https:\/\/fomatmedical.com\/es\/company-updates\/fomat-gvhc-clinical-trials-diverse-populations\/\"><span>Leer m\u00e1s<\/span><svg viewbox=\"0 0 13 20\"><polyline points=\"0.5 19.5 3 19.5 12.5 10 3 0.5\" \/><\/svg><\/a><\/div>    <\/div>\r\n<\/div>\r\n<div class=\"standard-blog-item-wrapper post grid-item grid-blog-item-wrapper post-48433 type-post status-publish format-standard has-post-thumbnail hentry category-company-updates\">\r\n    <div class=\"blog-item\">\r\n        <div class=\"post-media-wrapper\"><a href=\"https:\/\/fomatmedical.com\/es\/company-updates\/fomat-patient-centricity-award-2024\/\"><picture><source media=\"(max-width: 575px)\" sizes=\"(max-width: 575px) 575px\" srcset=\"https:\/\/fomatmedical.com\/wp-content\/uploads\/2024\/10\/Media-5-575x274.webp 575w\"><source media=\"(max-width: 991px)\" sizes=\"(max-width: 991px) 991px\" srcset=\"https:\/\/fomatmedical.com\/wp-content\/uploads\/2024\/10\/Media-5-500x374.webp 991w\"><img decoding=\"async\" alt=\"(de los tres hombres) El equipo de FOMAT recibe el premio a la atenci\u00f3n centrada en el paciente de 2024 en la ceremonia de la SCRS\" title=\"Media-5\" src=\"https:\/\/fomatmedical.com\/wp-content\/uploads\/2024\/10\/Media-5-640x478.webp\" class=\"attachment-aigency_post_grid_3_columns size-aigency_post_grid_3_columns wp-post-image\" \/><\/picture><\/a><\/div><h5 class=\"post-title\"><a href=\"https:\/\/fomatmedical.com\/es\/company-updates\/fomat-patient-centricity-award-2024\/\">FOMAT Medical Research gana el Premio a la Excelencia en la Atenci\u00f3n al Paciente 2024<\/a><\/h5><div class=\"post-content\">Premio a la Orientaci\u00f3n al Paciente 2024: FOMAT recibe el reconocimiento de la SCRS FOMAT ha obtenido el premio a la orientaci\u00f3n al paciente de 2024, al recibir el prestigioso Premio a la Excelencia en la Orientaci\u00f3n al Paciente otorgado por la Sociedad de Centros de Investigaci\u00f3n Cl\u00ednica (SCRS). Patrocinado por Sanofi, este premio reconoce...<\/div><div class=\"post-labels\"><div class=\"post-categories\"><a class=\"post-category-item\" href=\"https:\/\/fomatmedical.com\/es\/category\/company-updates\/\">Actualizaciones de la empresa<\/a><\/div><\/div><div class=\"post-more-button\"><a href=\"https:\/\/fomatmedical.com\/es\/company-updates\/fomat-patient-centricity-award-2024\/\"><span>Leer m\u00e1s<\/span><svg viewbox=\"0 0 13 20\"><polyline points=\"0.5 19.5 3 19.5 12.5 10 3 0.5\" \/><\/svg><\/a><\/div>    <\/div>\r\n<\/div>\r\n<div class=\"standard-blog-item-wrapper post grid-item grid-blog-item-wrapper post-48428 type-post status-publish format-standard has-post-thumbnail hentry category-company-updates\">\r\n    <div class=\"blog-item\">\r\n        <div class=\"post-media-wrapper\"><a href=\"https:\/\/fomatmedical.com\/es\/company-updates\/biotech-trade-mission-to-india\/\"><picture><source media=\"(max-width: 575px)\" sizes=\"(max-width: 575px) 575px\" srcset=\"https:\/\/fomatmedical.com\/wp-content\/uploads\/2024\/08\/1723575923536-575x274.webp 575w\"><source media=\"(max-width: 991px)\" sizes=\"(max-width: 991px) 991px\" srcset=\"https:\/\/fomatmedical.com\/wp-content\/uploads\/2024\/08\/1723575923536-500x374.webp 991w\"><img decoding=\"async\" alt=\"misi\u00f3n comercial del sector biotecnol\u00f3gico a la India\" title=\"1723575923536\" src=\"https:\/\/fomatmedical.com\/wp-content\/uploads\/2024\/08\/1723575923536-640x478.webp\" class=\"attachment-aigency_post_grid_3_columns size-aigency_post_grid_3_columns wp-post-image\" \/><\/picture><\/a><\/div><h5 class=\"post-title\"><a href=\"https:\/\/fomatmedical.com\/es\/company-updates\/biotech-trade-mission-to-india\/\">Misi\u00f3n comercial biotecnol\u00f3gica del condado de Ventura a la India: fomento del crecimiento y la innovaci\u00f3n a nivel mundial<\/a><\/h5><div class=\"post-content\">La misi\u00f3n comercial biotecnol\u00f3gica a la India encabezada por el condado de Ventura supone un paso importante para conectar a las organizaciones del sector de las ciencias de la vida con sede en EE. UU. con uno de los mercados biotecnol\u00f3gicos de m\u00e1s r\u00e1pido crecimiento del mundo. Encabezada por Jeff Gorell, supervisor del condado de Ventura, y organizada por Brent...<\/div><div class=\"post-labels\"><div class=\"post-categories\"><a class=\"post-category-item\" href=\"https:\/\/fomatmedical.com\/es\/category\/company-updates\/\">Actualizaciones de la empresa<\/a><\/div><\/div><div class=\"post-more-button\"><a href=\"https:\/\/fomatmedical.com\/es\/company-updates\/biotech-trade-mission-to-india\/\"><span>Leer m\u00e1s<\/span><svg viewbox=\"0 0 13 20\"><polyline points=\"0.5 19.5 3 19.5 12.5 10 3 0.5\" \/><\/svg><\/a><\/div>    <\/div>\r\n<\/div>\r\n<div class=\"standard-blog-item-wrapper post grid-item grid-blog-item-wrapper post-48425 type-post status-publish format-standard has-post-thumbnail hentry category-company-updates\">\r\n    <div class=\"blog-item\">\r\n        <div class=\"post-media-wrapper\"><a href=\"https:\/\/fomatmedical.com\/es\/company-updates\/oncology-trials-ventura-ca\/\"><picture><source media=\"(max-width: 575px)\" sizes=\"(max-width: 575px) 575px\" srcset=\"https:\/\/fomatmedical.com\/wp-content\/uploads\/2024\/07\/microscopic-view-organic-substance-bacteriavirus-cancer-cell-macro-created-with-generative-ai-technology-575x274.webp 575w\"><source media=\"(max-width: 991px)\" sizes=\"(max-width: 991px) 991px\" srcset=\"https:\/\/fomatmedical.com\/wp-content\/uploads\/2024\/07\/microscopic-view-organic-substance-bacteriavirus-cancer-cell-macro-created-with-generative-ai-technology-500x374.webp 991w\"><img decoding=\"async\" alt=\"Centro de ensayos cl\u00ednicos oncol\u00f3gicos FOMAT Ventura, California\" title=\"Vista microsc\u00f3pica de una sustancia org\u00e1nica, bacterias, virus y c\u00e9lulas cancerosas; imagen generada con tecnolog\u00eda de IA generativa\" src=\"https:\/\/fomatmedical.com\/wp-content\/uploads\/2024\/07\/microscopic-view-organic-substance-bacteriavirus-cancer-cell-macro-created-with-generative-ai-technology-640x478.webp\" class=\"attachment-aigency_post_grid_3_columns size-aigency_post_grid_3_columns wp-post-image\" \/><\/picture><\/a><\/div><h5 class=\"post-title\"><a href=\"https:\/\/fomatmedical.com\/es\/company-updates\/oncology-trials-ventura-ca\/\">FOMAT Medical Research inicia ensayos oncol\u00f3gicos comunitarios en Ventura y los condados circundantes<\/a><\/h5><div class=\"post-content\">FOMAT es un centro l\u00edder en ensayos cl\u00ednicos oncol\u00f3gicos en California, que actualmente est\u00e1 ampliando su cartera de investigaci\u00f3n con una unidad dedicada a la oncolog\u00eda en su sede central de Oxnard, en el condado de Ventura. Esta iniciativa lleva los ensayos cl\u00ednicos sobre el c\u00e1ncer, basados en la comunidad, directamente a los pacientes locales, ofreci\u00e9ndoles acceso a tratamientos innovadores...<\/div><div class=\"post-labels\"><div class=\"post-categories\"><a class=\"post-category-item\" href=\"https:\/\/fomatmedical.com\/es\/category\/company-updates\/\">Actualizaciones de la empresa<\/a><\/div><\/div><div class=\"post-more-button\"><a href=\"https:\/\/fomatmedical.com\/es\/company-updates\/oncology-trials-ventura-ca\/\"><span>Leer m\u00e1s<\/span><svg viewbox=\"0 0 13 20\"><polyline points=\"0.5 19.5 3 19.5 12.5 10 3 0.5\" \/><\/svg><\/a><\/div>    <\/div>\r\n<\/div>            <\/div>\n\n            <div class=\"content-pagination\"><nav class=\"navigation pagination\" role=\"navigation\"><h2 class=\"screen-reader-text\">Paginaci\u00f3n<\/h2><div class=\"nav-links\"><span aria-current=\"page\" class=\"page-numbers current\"><span class=\"button-inner\"><\/span>1<\/span>\n<a class=\"page-numbers\" href=\"https:\/\/fomatmedical.com\/es\/wp-json\/wp\/v2\/pages\/11108\/?a895b5a-paged=2\"><span class=\"button-inner\"><\/span>2<\/a>\n<a class=\"page-numbers\" href=\"https:\/\/fomatmedical.com\/es\/wp-json\/wp\/v2\/pages\/11108\/?a895b5a-paged=3\"><span class=\"button-inner\"><\/span>3<\/a>\n<a class=\"page-numbers\" href=\"https:\/\/fomatmedical.com\/es\/wp-json\/wp\/v2\/pages\/11108\/?a895b5a-paged=4\"><span class=\"button-inner\"><\/span>4<\/a>\n<a class=\"next page-numbers\" href=\"https:\/\/fomatmedical.com\/es\/wp-json\/wp\/v2\/pages\/11108\/?a895b5a-paged=2\">Siguiente<span class=\"button-inner\"><\/span><span class=\"icon-button-icon\"><\/span><\/a><\/div><\/nav><\/div>        <\/div>\n        \n        \t\t\t\t<\/div>\n\t\t\t\t<\/div>\n\t\t\t\t<\/div>\n\t\t\t\t\t<\/div>\n\t\t\t\t<\/div>\n\t\t\t\t<\/div>","protected":false},"excerpt":{"rendered":"<p>Mant\u00e9ngase informado sobre las iniciativas, nuevas capacidades, premios y otras noticias importantes de FOMAT.<\/p>","protected":false},"author":2,"featured_media":13791,"parent":0,"menu_order":0,"comment_status":"closed","ping_status":"closed","template":"","meta":{"_acf_changed":false,"footnotes":""},"class_list":["post-11108","page","type-page","status-publish","has-post-thumbnail","hentry"],"acf":[],"_links":{"self":[{"href":"https:\/\/fomatmedical.com\/es\/wp-json\/wp\/v2\/pages\/11108","targetHints":{"allow":["GET"]}}],"collection":[{"href":"https:\/\/fomatmedical.com\/es\/wp-json\/wp\/v2\/pages"}],"about":[{"href":"https:\/\/fomatmedical.com\/es\/wp-json\/wp\/v2\/types\/page"}],"author":[{"embeddable":true,"href":"https:\/\/fomatmedical.com\/es\/wp-json\/wp\/v2\/users\/2"}],"replies":[{"embeddable":true,"href":"https:\/\/fomatmedical.com\/es\/wp-json\/wp\/v2\/comments?post=11108"}],"version-history":[{"count":47,"href":"https:\/\/fomatmedical.com\/es\/wp-json\/wp\/v2\/pages\/11108\/revisions"}],"predecessor-version":[{"id":54872,"href":"https:\/\/fomatmedical.com\/es\/wp-json\/wp\/v2\/pages\/11108\/revisions\/54872"}],"wp:featuredmedia":[{"embeddable":true,"href":"https:\/\/fomatmedical.com\/es\/wp-json\/wp\/v2\/media\/13791"}],"wp:attachment":[{"href":"https:\/\/fomatmedical.com\/es\/wp-json\/wp\/v2\/media?parent=11108"}],"curies":[{"name":"wp","href":"https:\/\/api.w.org\/{rel}","templated":true}]}}