{"id":10347,"date":"2025-06-23T18:07:05","date_gmt":"2025-06-23T18:07:05","guid":{"rendered":"https:\/\/demo.artureanec.com\/themes\/aigency\/?page_id=3"},"modified":"2026-03-27T20:43:53","modified_gmt":"2026-03-28T03:43:53","slug":"privacy-policy","status":"publish","type":"page","link":"https:\/\/fomatmedical.com\/es\/privacy-policy\/","title":{"rendered":"Pol\u00edtica de privacidad"},"content":{"rendered":"<div data-elementor-type=\"wp-page\" data-elementor-id=\"10347\" class=\"elementor elementor-10347\" wpc-filter-elementor-widget=\"1\" data-elementor-post-type=\"page\">\n\t\t\t\t<div class=\"elementor-element elementor-element-2dbd29f6 e-flex e-con-boxed e-con e-parent\" data-id=\"2dbd29f6\" data-element_type=\"container\" data-e-type=\"container\">\n\t\t\t\t\t<div class=\"e-con-inner\">\n\t\t\t\t<div class=\"elementor-element elementor-element-1e2c6023 elementor-widget elementor-widget-text-editor\" data-id=\"1e2c6023\" data-element_type=\"widget\" data-e-type=\"widget\" data-widget_type=\"text-editor.default\">\n\t\t\t\t<div class=\"elementor-widget-container\">\n\t\t\t\t\t\t\t\t\t<h2>Pol\u00edtica de privacidad<\/h2><p>FOMAT Medical Research (\u201cFOMAT\u201d o \u201cnosotros\u201d) ofrece el sitio web de FOMAT Medical Research en https:\/\/www.fomatmedical.com y los sitios web afiliados que son propiedad y est\u00e1n operados por FOMAT y sus empresas afiliadas (dichos sitios web se denominan colectivamente la \u201cAplicaci\u00f3n\u201d). La Aplicaci\u00f3n incluye material informativo sobre afecciones de salud y enfermedades, y puede ser utilizada por personas para encontrar estudios de investigaci\u00f3n cl\u00ednica que puedan ser de su inter\u00e9s. La Aplicaci\u00f3n y otros contenidos, aplicaciones, servicios y funciones asociados a la Aplicaci\u00f3n se denominan en el presente documento el \u201cServicio\u201d. Esta es la Pol\u00edtica de privacidad del Servicio prestado por FOMAT. Al continuar utilizando el Servicio, se aplican a usted los t\u00e9rminos y condiciones establecidos en la presente Pol\u00edtica de privacidad. Si no est\u00e1 de acuerdo con alguno de los t\u00e9rminos aqu\u00ed establecidos, le rogamos que no acceda ni utilice el Servicio.<\/p><p>Si busca informaci\u00f3n sobre un tema espec\u00edfico, haga clic en el enlace correspondiente a continuaci\u00f3n para ir a una secci\u00f3n espec\u00edfica de esta Pol\u00edtica de privacidad.<\/p><ol><li><a href=\"#1\">Datos que FOMAT puede recopilar<\/a><\/li><li><a href=\"#2\">C\u00f3mo FOMAT comparte su informaci\u00f3n<\/a><\/li><li><a href=\"#3\">Modificaci\u00f3n y eliminaci\u00f3n de su informaci\u00f3n personal<\/a><\/li><li><a href=\"#4\">Exclusi\u00f3n voluntaria de recibir correos electr\u00f3nicos y notificaciones de FOMAT<\/a><\/li><li><a href=\"#5\">Seguridad de sus datos<\/a><\/li><li><a href=\"#6\">Enlaces a sitios de terceros<\/a><\/li><li><a href=\"#7\">Usuarios internacionales<\/a><\/li><li><a href=\"#8\">Se\u00f1ales de \u00abNo rastrear\u00bb<\/a><\/li><li><a href=\"#9\">Ni\u00f1os menores de 13 a\u00f1os<\/a><\/li><li><a href=\"#10\">Proveedores de servicios externos<\/a><\/li><li><a href=\"#11\">Cambios en nuestra Pol\u00edtica de Privacidad<\/a><\/li><\/ol>\t\t\t\t\t\t\t\t<\/div>\n\t\t\t\t<\/div>\n\t\t\t\t<div class=\"elementor-element elementor-element-1977ab6 elementor-widget elementor-widget-text-editor\" data-id=\"1977ab6\" data-element_type=\"widget\" data-e-type=\"widget\" id=\"1\" data-widget_type=\"text-editor.default\">\n\t\t\t\t<div class=\"elementor-widget-container\">\n\t\t\t\t\t\t\t\t\t<p><span style=\"font-size: 24px;\"><strong>1. Datos que puede recopilar FOMAT<\/strong><\/span><\/p><p>Recopilamos dos tipos de informaci\u00f3n de nuestros usuarios: informaci\u00f3n no personal e informaci\u00f3n personal.<\/p><ul><li>Informaci\u00f3n no personal: un tipo de informaci\u00f3n es la informaci\u00f3n no identificable sobre el uso de la web, como la informaci\u00f3n sobre las \u00e1reas de nuestro sitio web por las que navega (\u201cInformaci\u00f3n no personal\u201d), que recopilamos a trav\u00e9s de su uso del Servicio. \u202fLa informaci\u00f3n no personal que recopilamos incluye informaci\u00f3n sobre su tipo de navegador, p\u00e1ginas y URL de referencia y salida, fecha y hora de la visita, tiempo dedicado a p\u00e1ginas concretas, acciones realizadas y otra informaci\u00f3n sobre c\u00f3mo se mueve por nuestro sitio web. La informaci\u00f3n no personal puede recopilarse utilizando diversas tecnolog\u00edas, como balizas web y\/o herramientas de an\u00e1lisis web de terceros, para analizar el tr\u00e1fico del sitio web. Agregamos la informaci\u00f3n no personal para comprender mejor c\u00f3mo utilizan los visitantes nuestras p\u00e1ginas web y para mejorarlas.<\/li><li>Informaci\u00f3n personal: El segundo tipo de informaci\u00f3n que recopilamos es informaci\u00f3n identificable individualmente, que son datos que incluyen identificadores personales como su nombre, direcci\u00f3n de correo electr\u00f3nico, ciertos datos de salud, direcci\u00f3n de protocolo de Internet (IP) y otros datos que podr\u00edan utilizarse razonablemente para identificarlo (\u201cInformaci\u00f3n personal\u201d).<\/li><\/ul><p>FOMAT puede recopilar informaci\u00f3n personal sobre usted en cualquiera de las siguientes situaciones:<\/p><ul><li>Para informarle sobre estudios de investigaci\u00f3n cl\u00ednica. Si est\u00e1 interesado en obtener informaci\u00f3n sobre estudios de investigaci\u00f3n cl\u00ednica y\/o participar en dichos estudios, puede optar por enviar cierta informaci\u00f3n personal sobre usted a FOMAT, que puede incluir, entre otros datos, su nombre, n\u00famero de tel\u00e9fono, edad y origen \u00e9tnico, para que FOMAT pueda proporcionarle la informaci\u00f3n que busca sobre dichos estudios.<\/li><li>Boletines informativos por correo electr\u00f3nico. FOMAT ofrece boletines informativos por correo electr\u00f3nico a sus usuarios registrados. Utilizaremos su direcci\u00f3n de correo electr\u00f3nico para enviarle \u00fanicamente los boletines informativos espec\u00edficos a los que se haya suscrito. Si desea actualizar su direcci\u00f3n de correo electr\u00f3nico o dejar de recibir un bolet\u00edn informativo, siga los procedimientos para darse de baja que se indican en la parte inferior de cualquier bolet\u00edn informativo que le enviemos.<\/li><li>Usted se pone en contacto con FOMAT. Si se pone en contacto con FOMAT, utilizaremos la informaci\u00f3n de contacto que nos proporcione, junto con el contenido de su consulta, para poder ayudarle y mejorar el Servicio.<\/li><li>Encuestas e investigaci\u00f3n sobre los usuarios. FOMAT realiza peri\u00f3dicamente encuestas por correo electr\u00f3nico y a trav\u00e9s de la web para recopilar informaci\u00f3n sobre nuestros usuarios y sitios web. La participaci\u00f3n en estas encuestas y sondeos es totalmente opcional. No tiene ninguna obligaci\u00f3n de responder a ellas. Solo compartimos con nuestros socios los resultados agregados de estas encuestas, no la informaci\u00f3n personal, con el fin de ayudarles a comprender mejor nuestro Servicio y supervisar el alcance de nuestras p\u00e1ginas web.<\/li><li>Cookies. Una \u201ccookie\u201d es un fragmento de informaci\u00f3n (un archivo) que un sitio web transfiere al ordenador o dispositivo de un usuario con fines de registro. El uso de cookies es habitual en Internet. El proceso que utilizamos para rastrear el uso de nuestros sitios web implica el uso de cookies. Las cookies tambi\u00e9n nos permiten medir el uso agregado (total) y el tr\u00e1fico del Servicio FOMAT. Esto nos ayuda a producir contenidos que se adapten mejor a las preferencias de nuestros usuarios. Para implementar nuevos servicios, tambi\u00e9n podemos utilizar otros tipos de cookies. Tambi\u00e9n podemos utilizar cookies para comprender mejor qu\u00e9 partes del Servicio FOMAT le gustan m\u00e1s. Puede configurar su navegador para que rechace las cookies, pero esto puede interferir con algunas funciones del Servicio FOMAT.<\/li><\/ul>\t\t\t\t\t\t\t\t<\/div>\n\t\t\t\t<\/div>\n\t\t\t\t<div class=\"elementor-element elementor-element-fdcd44b elementor-widget elementor-widget-text-editor\" data-id=\"fdcd44b\" data-element_type=\"widget\" data-e-type=\"widget\" id=\"2\" data-widget_type=\"text-editor.default\">\n\t\t\t\t<div class=\"elementor-widget-container\">\n\t\t\t\t\t\t\t\t\t<p><span style=\"font-size: 24px;\"><b>2. C\u00f3mo FOMAT comparte su informaci\u00f3n<\/b><\/span><\/p><p><span data-contrast=\"auto\">Informaci\u00f3n personal<\/span><span data-contrast=\"auto\">.Compartimos la informaci\u00f3n personal que recopilamos con terceros en las siguientes circunstancias:<\/span><span data-ccp-props=\"{&quot;201341983&quot;:0,&quot;335559739&quot;:160,&quot;335559740&quot;:259}\">\u00a0<\/span><\/p><ul><li data-leveltext=\"\uf0b7\" data-font=\"Symbol\" data-listid=\"3\" aria-setsize=\"-1\" data-aria-posinset=\"1\" data-aria-level=\"1\">Si solicita que compartamos su informaci\u00f3n personal con un tercero (incluidos los proveedores de servicios m\u00e9dicos), podremos compartir dicha informaci\u00f3n personal de acuerdo con su solicitud.<\/li><li data-leveltext=\"\uf0b7\" data-font=\"Symbol\" data-listid=\"3\" aria-setsize=\"-1\" data-aria-posinset=\"1\" data-aria-level=\"1\">Si usted da su consentimiento, podemos compartir su informaci\u00f3n personal con los centros de estudios cl\u00ednicos si est\u00e1 interesado en participar en uno o varios estudios que se est\u00e9n llevando a cabo en dichos centros. Dichos centros podr\u00e1n ponerse en contacto con usted para informarle sobre el estudio o los estudios en los que est\u00e1 interesado en participar.<\/li><li data-leveltext=\"\uf0b7\" data-font=\"Symbol\" data-listid=\"3\" aria-setsize=\"-1\" data-aria-posinset=\"1\" data-aria-level=\"1\">Compartimos informaci\u00f3n personal con nuestros proveedores de servicios externos para que nos ayuden a prestar el Servicio a nuestros usuarios.<\/li><li data-leveltext=\"\uf0b7\" data-font=\"Symbol\" data-listid=\"3\" aria-setsize=\"-1\" data-aria-posinset=\"2\" data-aria-level=\"1\"><span data-contrast=\"auto\">Compartimos informaci\u00f3n personal si creemos que su divulgaci\u00f3n es razonablemente necesaria para cumplir con una ley, reglamento, proceso legal v\u00e1lido (por ejemplo, una citaci\u00f3n o una orden judicial), o para responder a solicitudes leg\u00edtimas de autoridades gubernamentales o p\u00fablicas, incluyendo el cumplimiento de requisitos de seguridad nacional o de aplicaci\u00f3n de la ley; para hacer cumplir nuestros T\u00e9rminos de servicio; y\/o para proteger los derechos, la propiedad o la seguridad de FOMAT, sus empleados u otros, en todos los casos de conformidad con la legislaci\u00f3n aplicable.<\/span><span data-ccp-props=\"{&quot;201341983&quot;:0,&quot;335559739&quot;:160,&quot;335559740&quot;:259}\">\u00a0<\/span><\/li><li data-leveltext=\"\uf0b7\" data-font=\"Symbol\" data-listid=\"3\" aria-setsize=\"-1\" data-aria-posinset=\"3\" data-aria-level=\"1\">Podemos divulgar su informaci\u00f3n personal en relaci\u00f3n con la venta, fusi\u00f3n, quiebra, venta de activos o reorganizaci\u00f3n de FOMAT.<\/li><\/ul><p><span data-contrast=\"auto\">Informaci\u00f3n no personal<\/span><span data-contrast=\"auto\">. Compartimos informaci\u00f3n no personal en las siguientes circunstancias:<\/span><span data-ccp-props=\"{&quot;201341983&quot;:0,&quot;335559739&quot;:160,&quot;335559740&quot;:259}\">\u00a0<\/span><\/p><ul><li data-leveltext=\"\uf0b7\" data-font=\"Symbol\" data-listid=\"9\" aria-setsize=\"-1\" data-aria-posinset=\"1\" data-aria-level=\"1\"><span data-contrast=\"auto\">FOMAT puede anonimizar la Informaci\u00f3n personal para que ya no le identifique y puede compartirla con terceros de diversas formas, como por ejemplo proporcionando a nuestros socios informes que contengan datos agregados que no le identifiquen, con el fin de ayudarles a comprender mejor nuestro Servicio y analizar el alcance de nuestras p\u00e1ginas web.<\/span><\/li><\/ul>\t\t\t\t\t\t\t\t<\/div>\n\t\t\t\t<\/div>\n\t\t\t\t<div class=\"elementor-element elementor-element-9c889a7 elementor-widget elementor-widget-text-editor\" data-id=\"9c889a7\" data-element_type=\"widget\" data-e-type=\"widget\" id=\"3\" data-widget_type=\"text-editor.default\">\n\t\t\t\t<div class=\"elementor-widget-container\">\n\t\t\t\t\t\t\t\t\t<p><span style=\"font-size: 24px;\"><b>3. Modificaci\u00f3n y eliminaci\u00f3n de su informaci\u00f3n personal<\/b><\/span><\/p><p>Si decides desactivar tu cuenta de la aplicaci\u00f3n o si tu cuenta es cancelada, tu informaci\u00f3n personal ser\u00e1 eliminada de tu cuenta en un plazo de 7 d\u00edas h\u00e1biles.<\/p><p>Si desea solicitar que FOMAT modifique o elimine la informaci\u00f3n personal que FOMAT mantiene sobre usted, puede ponerse en contacto con FOMAT en\u00a0<a href=\"mailto:info@fomatmedical.com\">info@fomatmedical.com<\/a>. FOMAT responder\u00e1 a su solicitud seg\u00fan lo exija la legislaci\u00f3n aplicable.\u00a0<\/p>\t\t\t\t\t\t\t\t<\/div>\n\t\t\t\t<\/div>\n\t\t\t\t<div class=\"elementor-element elementor-element-f9e17ba elementor-widget elementor-widget-text-editor\" data-id=\"f9e17ba\" data-element_type=\"widget\" data-e-type=\"widget\" id=\"4\" data-widget_type=\"text-editor.default\">\n\t\t\t\t<div class=\"elementor-widget-container\">\n\t\t\t\t\t\t\t\t\t<p><span style=\"font-size: 24px;\"><b>4. Exclusi\u00f3n voluntaria de recibir correos electr\u00f3nicos y notificaciones de FOMAT<\/b><\/span><\/p><p><span data-contrast=\"auto\">Puede optar por no recibir comunicaciones no relacionadas con el servicio, incluidos los boletines informativos por correo electr\u00f3nico, como se ha indicado anteriormente, d\u00e1ndose de baja de dichas comunicaciones. En cuanto a las comunicaciones relacionadas con el servicio de FOMAT para aquellos que se hayan registrado para utilizar la aplicaci\u00f3n o se hayan suscrito a otro servicio de FOMAT, podr\u00e1 seguir recibiendo dichas comunicaciones si FOMAT considera que son necesarias para su uso del servicio en cuesti\u00f3n.\u00a0<\/span><\/p>\t\t\t\t\t\t\t\t<\/div>\n\t\t\t\t<\/div>\n\t\t\t\t<div class=\"elementor-element elementor-element-9e65f24 elementor-widget elementor-widget-text-editor\" data-id=\"9e65f24\" data-element_type=\"widget\" data-e-type=\"widget\" id=\"5\" data-widget_type=\"text-editor.default\">\n\t\t\t\t<div class=\"elementor-widget-container\">\n\t\t\t\t\t\t\t\t\t<p><span style=\"font-size: 24px;\"><b>5. Seguridad de sus datos<\/b><\/span><\/p><p><span data-contrast=\"auto\">FOMAT implementa medidas de seguridad f\u00edsicas, t\u00e9cnicas, administrativas y organizativas para mantener la seguridad de sus datos y protegerlos contra el acceso no autorizado. FOMAT proporciona formaci\u00f3n en materia de privacidad y seguridad a sus empleados que acceden a informaci\u00f3n personal como parte de sus funciones laborales. FOMAT tambi\u00e9n se asegura de que los terceros con los que comparte informaci\u00f3n personal se comprometan a implementar medidas de seguridad similares a las utilizadas por FOMAT.\u00a0<\/span><span data-ccp-props=\"{&quot;201341983&quot;:0,&quot;335559739&quot;:160,&quot;335559740&quot;:259}\">\u00a0<\/span><\/p><p><span data-contrast=\"auto\">Tenga en cuenta que las transmisiones por Internet nunca son completamente seguras ni est\u00e1n libres de errores. La seguridad y protecci\u00f3n de su informaci\u00f3n tambi\u00e9n depende de usted. Si se ha registrado en un servicio de FOMAT, como la aplicaci\u00f3n, nunca comparta su contrase\u00f1a para acceder a dichos servicios y notif\u00edquenos de inmediato si cree que la seguridad de su contrase\u00f1a se ha visto comprometida. Recuerde cerrar sesi\u00f3n en dichos servicios si accede a ellos desde un dispositivo no confiable (por ejemplo, una computadora p\u00fablica). Le recomendamos encarecidamente que utilice funciones de seguridad, como la autenticaci\u00f3n de dos factores, en cualquier dispositivo o plataforma que utilice para acceder a cualquier aspecto del Servicio de FOMAT.<\/span><\/p>\t\t\t\t\t\t\t\t<\/div>\n\t\t\t\t<\/div>\n\t\t\t\t<div class=\"elementor-element elementor-element-4440bd1 elementor-widget elementor-widget-text-editor\" data-id=\"4440bd1\" data-element_type=\"widget\" data-e-type=\"widget\" id=\"6\" data-widget_type=\"text-editor.default\">\n\t\t\t\t<div class=\"elementor-widget-container\">\n\t\t\t\t\t\t\t\t\t<p><span style=\"font-size: 24px;\"><b>6. Enlaces a sitios de terceros<\/b><\/span><\/p><p>Nuestro Servicio puede incluir enlaces a sitios web de terceros. Dichos enlaces se proporcionan \u00fanicamente por conveniencia y FOMAT no respalda ni recomienda dichos sitios web de terceros ni el contenido de los mismos. Adem\u00e1s, FOMAT no se hace responsable de las pol\u00edticas o pr\u00e1cticas de privacidad de los operadores de dichos sitios web.<\/p>\t\t\t\t\t\t\t\t<\/div>\n\t\t\t\t<\/div>\n\t\t\t\t<div class=\"elementor-element elementor-element-fbc2747 elementor-widget elementor-widget-text-editor\" data-id=\"fbc2747\" data-element_type=\"widget\" data-e-type=\"widget\" id=\"7\" data-widget_type=\"text-editor.default\">\n\t\t\t\t<div class=\"elementor-widget-container\">\n\t\t\t\t\t\t\t\t\t<p><span style=\"font-size: 24px;\"><b>7. Usuarios internacionales<\/b><\/span><\/p><p><span data-contrast=\"auto\">Si utiliza el Servicio desde un pa\u00eds distinto de los Estados Unidos, su comunicaci\u00f3n con nosotros dar\u00e1 lugar necesariamente a la transferencia de informaci\u00f3n a trav\u00e9s de fronteras internacionales hacia los Estados Unidos. Las leyes y normativas relativas a la protecci\u00f3n de la Informaci\u00f3n personal no son las mismas en todos los pa\u00edses. Por lo tanto, la informaci\u00f3n personal puede estar sujeta a diferentes protecciones legales una vez que se transfiere a los Estados Unidos. Independientemente de la ubicaci\u00f3n de nuestros suscriptores, tomaremos las medidas de seguridad descritas en esta Pol\u00edtica de privacidad con el fin de mantener su informaci\u00f3n segura.<\/span><\/p>\t\t\t\t\t\t\t\t<\/div>\n\t\t\t\t<\/div>\n\t\t\t\t<div class=\"elementor-element elementor-element-12f6122 elementor-widget elementor-widget-text-editor\" data-id=\"12f6122\" data-element_type=\"widget\" data-e-type=\"widget\" id=\"8\" data-widget_type=\"text-editor.default\">\n\t\t\t\t<div class=\"elementor-widget-container\">\n\t\t\t\t\t\t\t\t\t<p><span style=\"font-size: 24px;\"><b>8. Se\u00f1ales de \u00abNo rastrear\u00bb<\/b><\/span><\/p><p><span data-contrast=\"auto\">Aunque nos gustar\u00eda respetar los navegadores configurados con una se\u00f1al de \u201cNo rastrear\u201d, nuestro Servicio no responde actualmente a dichas se\u00f1ales porque a\u00fan no se ha establecido un est\u00e1ndar en la industria sobre c\u00f3mo responder a ellas.<\/span>\u00a0<\/p>\t\t\t\t\t\t\t\t<\/div>\n\t\t\t\t<\/div>\n\t\t\t\t<div class=\"elementor-element elementor-element-7b4297e elementor-widget elementor-widget-text-editor\" data-id=\"7b4297e\" data-element_type=\"widget\" data-e-type=\"widget\" id=\"9\" data-widget_type=\"text-editor.default\">\n\t\t\t\t<div class=\"elementor-widget-container\">\n\t\t\t\t\t\t\t\t\t<p><span style=\"font-size: 24px;\"><b>9. Ni\u00f1os menores de 13 a\u00f1os<\/b><\/span><\/p><p><span data-contrast=\"auto\">Debe tener 13 a\u00f1os o m\u00e1s para utilizar cualquier parte de nuestro Servicio. Dado que nuestro Servicio no est\u00e1 dirigido a personas menores de 13 a\u00f1os, no recopilamos deliberadamente ninguna informaci\u00f3n personal de ni\u00f1os menores de 13 a\u00f1os. Si tiene conocimiento de que alg\u00fan ni\u00f1o menor de 13 a\u00f1os comparte informaci\u00f3n personal a trav\u00e9s del uso de nuestro Servicio, p\u00f3ngase en contacto con nosotros en\u00a0<\/span><a href=\"mailto:info@fomatmedical.com\"><span data-contrast=\"none\">info@fomatmedical.com<\/span><\/a><span data-contrast=\"auto\">.<\/span><\/p>\t\t\t\t\t\t\t\t<\/div>\n\t\t\t\t<\/div>\n\t\t\t\t<div class=\"elementor-element elementor-element-6aa660d elementor-widget elementor-widget-text-editor\" data-id=\"6aa660d\" data-element_type=\"widget\" data-e-type=\"widget\" id=\"10\" data-widget_type=\"text-editor.default\">\n\t\t\t\t<div class=\"elementor-widget-container\">\n\t\t\t\t\t\t\t\t\t<p><span style=\"font-size: 24px;\"><b>10. Proveedores de servicios externos<\/b><\/span><\/p><p><span data-contrast=\"auto\">Como se ha indicado anteriormente, compartimos informaci\u00f3n personal con terceros que nos prestan determinados servicios (por ejemplo, proveedores que realizan funciones espec\u00edficas para ayudarnos a prestar el Servicio). No controlamos a estos terceros, pero nos esforzamos por trabajar \u00fanicamente con aquellos que se adhieren a pr\u00e1cticas de privacidad y seguridad de la informaci\u00f3n comercialmente razonables y que protegen la informaci\u00f3n personal de conformidad con las leyes y normativas aplicables.<\/span>\u00a0<\/p>\t\t\t\t\t\t\t\t<\/div>\n\t\t\t\t<\/div>\n\t\t\t\t<div class=\"elementor-element elementor-element-4ae808c elementor-widget elementor-widget-text-editor\" data-id=\"4ae808c\" data-element_type=\"widget\" data-e-type=\"widget\" id=\"11\" data-widget_type=\"text-editor.default\">\n\t\t\t\t<div class=\"elementor-widget-container\">\n\t\t\t\t\t\t\t\t\t<p><span style=\"font-size: 24px;\"><b>11. Cambios en nuestra Pol\u00edtica de Privacidad<\/b><\/span><\/p><p><span data-contrast=\"auto\">Esta Pol\u00edtica de Privacidad puede cambiar con el tiempo. Publicaremos cualquier modificaci\u00f3n de nuestra Pol\u00edtica de Privacidad en nuestro sitio web y haremos todo lo posible por notificarle los cambios. Si FOMAT cambia su Pol\u00edtica de Privacidad, la fecha de entrada en vigor de la Pol\u00edtica de Privacidad revisada se indicar\u00e1 a continuaci\u00f3n.\u00a0<\/span><span data-ccp-props=\"{&quot;201341983&quot;:0,&quot;335559739&quot;:160,&quot;335559740&quot;:259}\">\u00a0<\/span><\/p><p><span data-contrast=\"auto\">Esta Pol\u00edtica de Privacidad se actualiz\u00f3 por \u00faltima vez el 25\/02\/2026 y entra en vigor a partir de esa fecha.<\/span><span data-ccp-props=\"{&quot;201341983&quot;:0,&quot;335559739&quot;:160,&quot;335559740&quot;:259}\">\u00a0<\/span><\/p>\t\t\t\t\t\t\t\t<\/div>\n\t\t\t\t<\/div>\n\t\t\t\t<div class=\"elementor-element elementor-element-0022d4e elementor-widget elementor-widget-text-editor\" data-id=\"0022d4e\" data-element_type=\"widget\" data-e-type=\"widget\" data-widget_type=\"text-editor.default\">\n\t\t\t\t<div class=\"elementor-widget-container\">\n\t\t\t\t\t\t\t\t\t<p><span style=\"font-size: 24px;\"><b>Cont\u00e1ctenos<\/b>\u00a0<\/span><\/p><p><span data-contrast=\"auto\">Puede enviarnos un correo electr\u00f3nico con cualquier pregunta o comentario a\u00a0<\/span><a href=\"mailto:info@fomatmedical.com\"><span data-contrast=\"none\">info@fomatmedical.com (El arte de la guerra: una gu\u00eda para la vida y la guerra).<\/span><\/a><\/p>\t\t\t\t\t\t\t\t<\/div>\n\t\t\t\t<\/div>\n\t\t\t\t\t<\/div>\n\t\t\t\t<\/div>\n\t\t\t\t<\/div>","protected":false},"excerpt":{"rendered":"<p>Pol\u00edtica de privacidad FOMAT Medical Research (\u201cFOMAT\u201d o \u201cnosotros\u201d) ofrece el sitio web de FOMAT Medical Research en https:\/\/www.fomatmedical.com y los sitios web afiliados que son propiedad y est\u00e1n gestionados por FOMAT y sus empresas afiliadas (dichos sitios web se denominan colectivamente la \u201cAplicaci\u00f3n\u201d). La Aplicaci\u00f3n incluye informaci\u00f3n\u2026<\/p>","protected":false},"author":2,"featured_media":0,"parent":0,"menu_order":0,"comment_status":"closed","ping_status":"closed","template":"","meta":{"_acf_changed":false,"footnotes":""},"class_list":["post-10347","page","type-page","status-publish","hentry"],"acf":[],"_links":{"self":[{"href":"https:\/\/fomatmedical.com\/es\/wp-json\/wp\/v2\/pages\/10347","targetHints":{"allow":["GET"]}}],"collection":[{"href":"https:\/\/fomatmedical.com\/es\/wp-json\/wp\/v2\/pages"}],"about":[{"href":"https:\/\/fomatmedical.com\/es\/wp-json\/wp\/v2\/types\/page"}],"author":[{"embeddable":true,"href":"https:\/\/fomatmedical.com\/es\/wp-json\/wp\/v2\/users\/2"}],"replies":[{"embeddable":true,"href":"https:\/\/fomatmedical.com\/es\/wp-json\/wp\/v2\/comments?post=10347"}],"version-history":[{"count":38,"href":"https:\/\/fomatmedical.com\/es\/wp-json\/wp\/v2\/pages\/10347\/revisions"}],"predecessor-version":[{"id":73054,"href":"https:\/\/fomatmedical.com\/es\/wp-json\/wp\/v2\/pages\/10347\/revisions\/73054"}],"wp:attachment":[{"href":"https:\/\/fomatmedical.com\/es\/wp-json\/wp\/v2\/media?parent=10347"}],"curies":[{"name":"wp","href":"https:\/\/api.w.org\/{rel}","templated":true}]}}